{"id":115,"date":"2016-05-12T11:38:10","date_gmt":"2016-05-12T09:38:10","guid":{"rendered":"http:\/\/dgi.pl\/en\/?page_id=115"},"modified":"2016-05-20T01:21:17","modified_gmt":"2016-05-19T23:21:17","slug":"products","status":"publish","type":"page","link":"http:\/\/dgi.pl\/en\/products\/","title":{"rendered":"PRODUCTS"},"content":{"rendered":"[vc_row type=&#8221;full_width_content&#8221; bg_color=&#8221;#282828&#8243; scene_position=&#8221;center&#8221; text_color=&#8221;light&#8221; text_align=&#8221;center&#8221; top_padding=&#8221;0&#8243; bottom_padding=&#8221;0&#8243; overlay_strength=&#8221;0.3&#8243;][vc_column enable_animation=&#8221;true&#8221; animation=&#8221;fade-in&#8221; centered_text=&#8221;true&#8221; column_padding=&#8221;padding-6-percent&#8221; column_padding_position=&#8221;all&#8221; background_color=&#8221;#e36213&#8243; background_color_opacity=&#8221;1&#8243; background_hover_color_opacity=&#8221;1&#8243; width=&#8221;1\/1&#8243;][vc_column_text]\n<h2 style=\"text-align: center;\">Work on systems of gas injection in the liquid phase are proceeding according to the schedule. However, until the start of sales, we would like to keep in secret a few design solutions. So please be patient and understanding in sharing of related information about LM DGI and DGI LCC systems. The only thing we can show at this time is the idea of how both systems operate, as shown in the tab TIME FOR A LIQUID PHASE.<\/h2>\n[\/vc_column_text][divider line_type=&#8221;Full Width Line&#8221; custom_height=&#8221;0&#8243;][divider line_type=&#8221;No Line&#8221; custom_height=&#8221;0&#8243;][vc_column_text]\n<h2 style=\"text-align: center;\">In addition to works associated with the injection of gas in the liquid phase, we don\u2019t forget about the development of 4th generation sequential gas injection system (gas injected in the volatile phase). The first effect of these works are LPG\/CNG injectors series DGI GM.<\/h2>\n[\/vc_column_text][\/vc_column][\/vc_row][vc_row type=&#8221;full_width_content&#8221; bg_color=&#8221;#dd9933&#8243; scene_position=&#8221;center&#8221; text_color=&#8221;light&#8221; text_align=&#8221;center&#8221; top_padding=&#8221;0&#8243; bottom_padding=&#8221;0&#8243; overlay_strength=&#8221;0.3&#8243;][vc_column enable_animation=&#8221;true&#8221; animation=&#8221;fade-in&#8221; centered_text=&#8221;true&#8221; column_padding=&#8221;padding-2-percent&#8221; column_padding_position=&#8221;all&#8221; background_color=&#8221;#282828&#8243; background_color_opacity=&#8221;1&#8243; background_hover_color_opacity=&#8221;1&#8243; width=&#8221;1\/1&#8243;][heading]\n<h2 style=\"text-align: center;\">TECHNICAL SPECIFICATION OF DGI GM INJECTORS IN STANDARD VERSION<\/h2>\n[\/heading][vc_row_inner][vc_column_inner column_padding=&#8221;no-extra-padding&#8221; column_padding_position=&#8221;all&#8221; background_color_opacity=&#8221;1&#8243; width=&#8221;1\/2&#8243;]<div class=\"nectar-fancy-ul\" data-list-icon=\"icon-ok\" data-animation=\"true\" data-animation-delay=\"0\" data-color=\"extra-color-2\" data-spacing=\"default\" data-alignment=\"left\"> \n<ul class=\"listtype-bullet listindent1 list-bullet1\">\n<li><span class=\"author-d-16z86ztz122z98z81zz82zz85zunv3z82zpqfnl8z122zz75zz81zvz81zz77zz86zz73zz84z2z81zz76z4z89zoz76zmskz76zgq0z90zz75zaz82z\"><strong>Max. flow rate at 1.0 bar pressure:<\/strong> 145 Nl \/ min<\/span><\/li>\n<li><span class=\"author-d-16z86ztz122z98z81zz82zz85zunv3z82zpqfnl8z122zz75zz81zvz81zz77zz86zz73zz84z2z81zz76z4z89zoz76zmskz76zgq0z90zz75zaz82z\"><strong>Max. flow rate at 2.0 bar pressure:<\/strong> 185 Nl \/ min<\/span><\/li>\n<li><span class=\"author-d-16z86ztz122z98z81zz82zz85zunv3z82zpqfnl8z122zz75zz81zvz81zz77zz86zz73zz84z2z81zz76z4z89zoz76zmskz76zgq0z90zz75zaz82z\"><strong>The diameter of the nozzle:<\/strong> max. 3.5 mm<\/span><\/li>\n<li><span class=\"author-d-16z86ztz122z98z81zz82zz85zunv3z82zpqfnl8z122zz75zz81zvz81zz77zz86zz73zz84z2z81zz76z4z89zoz76zmskz76zgq0z90zz75zaz82z\"><strong>Coil resistance:<\/strong> 2,0 \u03a9<\/span><\/li>\n<li><span class=\"author-d-16z86ztz122z98z81zz82zz85zunv3z82zpqfnl8z122zz75zz81zvz81zz77zz86zz73zz84z2z81zz76z4z89zoz76zmskz76zgq0z90zz75zaz82z\"><strong>Opening time:<\/strong> 1.7 ms<\/span><\/li>\n<li><span class=\"author-d-16z86ztz122z98z81zz82zz85zunv3z82zpqfnl8z122zz75zz81zvz81zz77zz86zz73zz84z2z81zz76z4z89zoz76zmskz76zgq0z90zz75zaz82z\"><strong>Closing time:<\/strong> 0.9 ms<\/span><\/li>\n<\/ul>\n <\/div>[\/vc_column_inner][vc_column_inner column_padding=&#8221;no-extra-padding&#8221; column_padding_position=&#8221;all&#8221; background_color_opacity=&#8221;1&#8243; width=&#8221;1\/2&#8243;]<div class=\"nectar-fancy-ul\" data-list-icon=\"icon-ok\" data-animation=\"true\" data-animation-delay=\"0\" data-color=\"extra-color-1\" data-spacing=\"default\" data-alignment=\"left\"> \n<ul class=\"listtype-bullet listindent1 list-bullet1\">\n<li><span class=\"author-d-16z86ztz122z98z81zz82zz85zunv3z82zpqfnl8z122zz75zz81zvz81zz77zz86zz73zz84z2z81zz76z4z89zoz76zmskz76zgq0z90zz75zaz82z\"><strong>Max. opening current:<\/strong> 6 A<\/span><\/li>\n<li><span class=\"author-d-16z86ztz122z98z81zz82zz85zunv3z82zpqfnl8z122zz75zz81zvz81zz77zz86zz73zz84z2z81zz76z4z89zoz76zmskz76zgq0z90zz75zaz82z\"><strong>Max. hold current:<\/strong> 1.5 A<\/span><\/li>\n<li><span class=\"author-d-16z86ztz122z98z81zz82zz85zunv3z82zpqfnl8z122zz75zz81zvz81zz77zz86zz73zz84z2z81zz76z4z89zoz76zmskz76zgq0z90zz75zaz82z\"><strong>Operating pressure:<\/strong> 0.1 \u00f7 3.0 bar<\/span><\/li>\n<li><span class=\"author-d-16z86ztz122z98z81zz82zz85zunv3z82zpqfnl8z122zz75zz81zvz81zz77zz86zz73zz84z2z81zz76z4z89zoz76zmskz76zgq0z90zz75zaz82z\"><strong>Max. operating pressure:<\/strong> 4.5 bar<\/span><\/li>\n<li><span class=\"author-d-16z86ztz122z98z81zz82zz85zunv3z82zpqfnl8z122zz75zz81zvz81zz77zz86zz73zz84z2z81zz76z4z89zoz76zmskz76zgq0z90zz75zaz82z\"><strong>Operating temperature:<\/strong> -40 \u00b0 C to 120 \u00b0 C<\/span><\/li>\n<li><span class=\"author-d-16z86ztz122z98z81zz82zz85zunv3z82zpqfnl8z122zz75zz81zvz81zz77zz86zz73zz84z2z81zz76z4z89zoz76zmskz76zgq0z90zz75zaz82z\"><strong>Supply voltage:<\/strong> 12 \u00f7 14 V DC<\/span><\/li>\n<\/ul>\n <\/div>[\/vc_column_inner][\/vc_row_inner][\/vc_column][\/vc_row][vc_row type=&#8221;full_width_content&#8221; bg_color=&#8221;#ffffff&#8221; scene_position=&#8221;center&#8221; text_color=&#8221;light&#8221; text_align=&#8221;center&#8221; top_padding=&#8221;0&#8243; bottom_padding=&#8221;0&#8243; overlay_strength=&#8221;0.3&#8243;][vc_column column_padding=&#8221;padding-4-percent&#8221; column_padding_position=&#8221;all&#8221; background_color=&#8221;#e36213&#8243; background_color_opacity=&#8221;1&#8243; background_hover_color_opacity=&#8221;1&#8243; width=&#8221;1\/1&#8243;][vc_row_inner][vc_column_inner column_padding=&#8221;padding-4-percent&#8221; column_padding_position=&#8221;all&#8221; background_color_opacity=&#8221;1&#8243; width=&#8221;1\/1&#8243;][divider line_type=&#8221;No Line&#8221; custom_height=&#8221;50&#8243;][heading]\n<h2 style=\"text-align: left;\">INJECTOR DGI GM1<\/h2>\n[\/heading][vc_column_text]\n<p align=\"justify\">Injector GM1 is the injector piston design with in-line gas supply. Flow adjustment is done by a couple of calibration nozzles &#8211; simply drill nozzles to the correct size. Injectors of this type can be used in most systems with sequential injection of LPG in the vapor phase and arrangements CNG systems powered with metane.<\/p>\n[\/vc_column_text][divider line_type=&#8221;No Line&#8221; custom_height=&#8221;50&#8243;]<div class=\"nectar-fancy-ul\" data-list-icon=\"icon-ok\" data-animation=\"true\" data-animation-delay=\"0\" data-color=\"accent-color\" data-spacing=\"default\" data-alignment=\"left\"> \n<ul class=\"listtype-bullet listindent1 list-bullet1\">\n<li style=\"text-align: left;\"><span class=\"author-d-16z86ztz122z98z81zz82zz85zunv3z82zpqfnl8z122zz75zz81zvz81zz77zz86zz73zz84z2z81zz76z4z89zoz76zmskz76zgq0z90zz75zaz82z\">Extensive configuration options<\/span><\/li>\n<li style=\"text-align: left;\"><span class=\"author-d-16z86ztz122z98z81zz82zz85zunv3z82zpqfnl8z122zz75zz81zvz81zz77zz86zz73zz84z2z81zz76z4z89zoz76zmskz76zgq0z90zz75zaz82z\">Operating range from -40 \u00b0 C to + 120 \u00b0 C<\/span><\/li>\n<li style=\"text-align: left;\"><span class=\"author-d-16z86ztz122z98z81zz82zz85zunv3z82zpqfnl8z122zz75zz81zvz81zz77zz86zz73zz84z2z81zz76z4z89zoz76zmskz76zgq0z90zz75zaz82z\">The smallest in its class<\/span><\/li>\n<li style=\"text-align: left;\"><span class=\"author-d-16z86ztz122z98z81zz82zz85zunv3z82zpqfnl8z122zz75zz81zvz81zz77zz86zz73zz84z2z81zz76z4z89zoz76zmskz76zgq0z90zz75zaz82z\">BFC and STD versions<\/span><\/li>\n<li style=\"text-align: left;\"><span class=\"author-d-16z86ztz122z98z81zz82zz85zunv3z82zpqfnl8z122zz75zz81zvz81zz77zz86zz73zz84z2z81zz76z4z89zoz76zmskz76zgq0z90zz75zaz82z\">Cooled with gas<\/span><\/li>\n<li style=\"text-align: left;\"><span class=\"author-d-16z86ztz122z98z81zz82zz85zunv3z82zpqfnl8z122zz75zz81zvz81zz77zz86zz73zz84z2z81zz76z4z89zoz76zmskz76zgq0z90zz75zaz82z\">Very quiet<\/span><\/li>\n<li style=\"text-align: left;\"><span class=\"author-d-16z86ztz122z98z81zz82zz85zunv3z82zpqfnl8z122zz75zz81zvz81zz77zz86zz73zz84z2z81zz76z4z89zoz76zmskz76zgq0z90zz75zaz82z\">In-line supply<\/span><\/li>\n<li style=\"text-align: left;\"><span class=\"author-d-16z86ztz122z98z81zz82zz85zunv3z82zpqfnl8z122zz75zz81zvz81zz77zz86zz73zz84z2z81zz76z4z89zoz76zmskz76zgq0z90zz75zaz82z\">2 years unlimited mileage warranty<\/span><\/li>\n<\/ul>\n <\/div>[\/vc_column_inner][\/vc_row_inner][divider line_type=&#8221;No Line&#8221; custom_height=&#8221;50&#8243;][\/vc_column][\/vc_row][vc_row type=&#8221;full_width_content&#8221; bg_color=&#8221;#ffffff&#8221; scene_position=&#8221;center&#8221; text_color=&#8221;light&#8221; text_align=&#8221;center&#8221; top_padding=&#8221;0&#8243; bottom_padding=&#8221;0&#8243; overlay_strength=&#8221;0.3&#8243;][vc_column enable_animation=&#8221;true&#8221; animation=&#8221;fade-in-from-left&#8221; centered_text=&#8221;true&#8221; column_padding=&#8221;no-extra-padding&#8221; column_padding_position=&#8221;all&#8221; background_color_opacity=&#8221;1&#8243; background_hover_color_opacity=&#8221;1&#8243; width=&#8221;2\/3&#8243;][divider line_type=&#8221;No Line&#8221; custom_height=&#8221;40&#8243;][image_with_animation image_url=&#8221;93&#8243; alignment=&#8221;&#8221; animation=&#8221;Fade In&#8221;][\/vc_column][vc_column column_padding=&#8221;padding-4-percent&#8221; column_padding_position=&#8221;all&#8221; background_color=&#8221;#282828&#8243; background_color_opacity=&#8221;1&#8243; background_hover_color_opacity=&#8221;1&#8243; width=&#8221;1\/3&#8243;][heading]\n<h2 style=\"text-align: left;\">INJECTORS DGI GM2\/GM3\/GM4<\/h2>\n[\/heading][vc_column_text]\n<p align=\"justify\">Injectors DGI GM2\/GM3\/GM4 are piston-designed with side gas supply. Flow adjustment is done by a couple of calibration nozzles &#8211; simply drill nozzles to the correct size. Injectors of this type can be used in most systems with sequential injection of LPG in the vapor phase and arrangements CNG systems powered with metane.<\/p>\n[\/vc_column_text][divider line_type=&#8221;No Line&#8221; custom_height=&#8221;60&#8243;]<div class=\"nectar-fancy-ul\" data-list-icon=\"icon-ok\" data-animation=\"true\" data-animation-delay=\"0\" data-color=\"extra-color-2\" data-spacing=\"default\" data-alignment=\"left\"> \n<ul class=\"listtype-bullet listindent1 list-bullet1\">\n<li style=\"text-align: left;\"><span class=\"author-d-16z86ztz122z98z81zz82zz85zunv3z82zpqfnl8z122zz75zz81zvz81zz77zz86zz73zz84z2z81zz76z4z89zoz76zmskz76zgq0z90zz75zaz82z\">Extensive configuration options<\/span><\/li>\n<li style=\"text-align: left;\"><span class=\"author-d-16z86ztz122z98z81zz82zz85zunv3z82zpqfnl8z122zz75zz81zvz81zz77zz86zz73zz84z2z81zz76z4z89zoz76zmskz76zgq0z90zz75zaz82z\">Operating range from -40 \u00b0 C to + 120 \u00b0 C<\/span><\/li>\n<li style=\"text-align: left;\"><span class=\"author-d-16z86ztz122z98z81zz82zz85zunv3z82zpqfnl8z122zz75zz81zvz81zz77zz86zz73zz84z2z81zz76z4z89zoz76zmskz76zgq0z90zz75zaz82z\">The smallest in its class<\/span><\/li>\n<li style=\"text-align: left;\"><span class=\"author-d-16z86ztz122z98z81zz82zz85zunv3z82zpqfnl8z122zz75zz81zvz81zz77zz86zz73zz84z2z81zz76z4z89zoz76zmskz76zgq0z90zz75zaz82z\">BFC and STD versions<\/span><\/li>\n<li style=\"text-align: left;\"><span class=\"author-d-16z86ztz122z98z81zz82zz85zunv3z82zpqfnl8z122zz75zz81zvz81zz77zz86zz73zz84z2z81zz76z4z89zoz76zmskz76zgq0z90zz75zaz82z\">Available in 2-, 3-, 4-cylinder version<\/span><\/li>\n<li style=\"text-align: left;\"><span class=\"author-d-16z86ztz122z98z81zz82zz85zunv3z82zpqfnl8z122zz75zz81zvz81zz77zz86zz73zz84z2z81zz76z4z89zoz76zmskz76zgq0z90zz75zaz82z\">Cooled with gas<\/span><\/li>\n<li style=\"text-align: left;\"><span class=\"author-d-16z86ztz122z98z81zz82zz85zunv3z82zpqfnl8z122zz75zz81zvz81zz77zz86zz73zz84z2z81zz76z4z89zoz76zmskz76zgq0z90zz75zaz82z\">Very quiet<\/span><\/li>\n<li style=\"text-align: left;\"><span class=\"author-d-16z86ztz122z98z81zz82zz85zunv3z82zpqfnl8z122zz75zz81zvz81zz77zz86zz73zz84z2z81zz76z4z89zoz76zmskz76zgq0z90zz75zaz82z\">In-line supply<\/span><\/li>\n<li style=\"text-align: left;\"><span class=\"author-d-16z86ztz122z98z81zz82zz85zunv3z82zpqfnl8z122zz75zz81zvz81zz77zz86zz73zz84z2z81zz76z4z89zoz76zmskz76zgq0z90zz75zaz82z\">2 years unlimited mileage warranty<\/span><\/li>\n<\/ul>\n <\/div>[\/vc_column][\/vc_row][vc_row type=&#8221;full_width_background&#8221; bg_color=&#8221;#e36213&#8243; scene_position=&#8221;center&#8221; text_color=&#8221;light&#8221; text_align=&#8221;center&#8221; top_padding=&#8221;60&#8243; bottom_padding=&#8221;40&#8243; overlay_strength=&#8221;0.3&#8243;][vc_column column_padding=&#8221;no-extra-padding&#8221; column_padding_position=&#8221;all&#8221; background_color_opacity=&#8221;1&#8243; background_hover_color_opacity=&#8221;1&#8243; width=&#8221;1\/1&#8243;][vc_column_text]\n<h2 class=\"light\" style=\"text-align: center;\">Contact us! <a class=\"nectar-button n-sc-button large see-through has-icon\"  href=\"http:\/\/dgi.pl\/en\/kontakt\" data-color-override=\"false\" data-hover-color-override=\"false\" data-hover-text-color-override=\"#fff\"><span>Contact<\/span><i class=\"icon-button-arrow\"><\/i><\/a><\/h2>\n[\/vc_column_text][\/vc_column][\/vc_row]\n","protected":false},"excerpt":{"rendered":"<p>[vc_row type=&#8221;full_width_content&#8221; bg_color=&#8221;#282828&#8243; scene_position=&#8221;center&#8221; text_color=&#8221;light&#8221; text_align=&#8221;center&#8221; top_padding=&#8221;0&#8243; bottom_padding=&#8221;0&#8243; overlay_strength=&#8221;0.3&#8243;][vc_column enable_animation=&#8221;true&#8221; animation=&#8221;fade-in&#8221; centered_text=&#8221;true&#8221; column_padding=&#8221;padding-6-percent&#8221; column_padding_position=&#8221;all&#8221; background_color=&#8221;#e36213&#8243; background_color_opacity=&#8221;1&#8243; background_hover_color_opacity=&#8221;1&#8243; width=&#8221;1\/1&#8243;][vc_column_text] Work on systems of gas injection in the liquid phase are proceeding&#8230;<\/p>\n","protected":false},"author":1,"featured_media":0,"parent":0,"menu_order":0,"comment_status":"closed","ping_status":"closed","template":"","meta":{"footnotes":""},"yoast_head":"<!-- This site is optimized with the Yoast SEO plugin v21.7 - https:\/\/yoast.com\/wordpress\/plugins\/seo\/ -->\n<title>PRODUCTS - DGI - Instalacje autogaz do silnik\u00f3w z po\u015brednim i bezpo\u015brednim wtryskiem benzyny<\/title>\n<meta name=\"robots\" content=\"index, follow, max-snippet:-1, max-image-preview:large, max-video-preview:-1\" \/>\n<link rel=\"canonical\" href=\"https:\/\/dgi.pl\/en\/products\/\" \/>\n<meta property=\"og:locale\" content=\"en_US\" \/>\n<meta property=\"og:type\" content=\"article\" \/>\n<meta property=\"og:title\" content=\"PRODUCTS - DGI - Instalacje autogaz do silnik\u00f3w z po\u015brednim i bezpo\u015brednim wtryskiem benzyny\" \/>\n<meta property=\"og:description\" content=\"[vc_row type=&#8221;full_width_content&#8221; bg_color=&#8221;#282828&#8243; scene_position=&#8221;center&#8221; text_color=&#8221;light&#8221; text_align=&#8221;center&#8221; top_padding=&#8221;0&#8243; bottom_padding=&#8221;0&#8243; overlay_strength=&#8221;0.3&#8243;][vc_column enable_animation=&#8221;true&#8221; animation=&#8221;fade-in&#8221; centered_text=&#8221;true&#8221; column_padding=&#8221;padding-6-percent&#8221; column_padding_position=&#8221;all&#8221; background_color=&#8221;#e36213&#8243; background_color_opacity=&#8221;1&#8243; background_hover_color_opacity=&#8221;1&#8243; width=&#8221;1\/1&#8243;][vc_column_text] Work on systems of gas injection in the liquid phase are proceeding...\" \/>\n<meta property=\"og:url\" content=\"https:\/\/dgi.pl\/en\/products\/\" \/>\n<meta property=\"og:site_name\" content=\"DGI - Instalacje autogaz do silnik\u00f3w z po\u015brednim i bezpo\u015brednim wtryskiem benzyny\" \/>\n<meta property=\"article:modified_time\" content=\"2016-05-19T23:21:17+00:00\" \/>\n<meta name=\"twitter:card\" content=\"summary_large_image\" \/>\n<meta name=\"twitter:label1\" content=\"Est. reading time\" \/>\n\t<meta name=\"twitter:data1\" content=\"4 minutes\" \/>\n<script type=\"application\/ld+json\" class=\"yoast-schema-graph\">{\"@context\":\"https:\/\/schema.org\",\"@graph\":[{\"@type\":\"WebPage\",\"@id\":\"https:\/\/dgi.pl\/en\/products\/\",\"url\":\"https:\/\/dgi.pl\/en\/products\/\",\"name\":\"PRODUCTS - DGI - Instalacje autogaz do silnik\u00f3w z po\u015brednim i bezpo\u015brednim wtryskiem benzyny\",\"isPartOf\":{\"@id\":\"http:\/\/dgi.pl\/#website\"},\"datePublished\":\"2016-05-12T09:38:10+00:00\",\"dateModified\":\"2016-05-19T23:21:17+00:00\",\"breadcrumb\":{\"@id\":\"https:\/\/dgi.pl\/en\/products\/#breadcrumb\"},\"inLanguage\":\"en-US\",\"potentialAction\":[{\"@type\":\"ReadAction\",\"target\":[\"https:\/\/dgi.pl\/en\/products\/\"]}]},{\"@type\":\"BreadcrumbList\",\"@id\":\"https:\/\/dgi.pl\/en\/products\/#breadcrumb\",\"itemListElement\":[{\"@type\":\"ListItem\",\"position\":1,\"name\":\"Strona g\u0142\u00f3wna\",\"item\":\"https:\/\/dgi.pl\/en\/\"},{\"@type\":\"ListItem\",\"position\":2,\"name\":\"PRODUCTS\"}]},{\"@type\":\"WebSite\",\"@id\":\"http:\/\/dgi.pl\/#website\",\"url\":\"http:\/\/dgi.pl\/\",\"name\":\"DGI - Instalacje autogaz do silnik\u00f3w z po\u015brednim i bezpo\u015brednim wtryskiem benzyny\",\"description\":\"W firmie DGI pracujemy nad rozwojem alternatywnych \u017ar\u00f3de\u0142 zasilania silnik\u00f3w spalinowych. Skupili\u015bmy si\u0119 na skonstruowaniu, produkcji i sprzeda\u017cy instalacji sekwencyjnego wtrysku gazu w fazie ciek\u0142ej do silnik\u00f3w z po\u015brednim (V generacja) i bezpo\u015brednim (VI generacja) wtryskiem benzyny. Nie zapominamy oczywi\u015bcie o rozwoju system\u00f3w sekwencyjnego wtrysku gazu IV generacji.\",\"publisher\":{\"@id\":\"http:\/\/dgi.pl\/#organization\"},\"potentialAction\":[{\"@type\":\"SearchAction\",\"target\":{\"@type\":\"EntryPoint\",\"urlTemplate\":\"http:\/\/dgi.pl\/?s={search_term_string}\"},\"query-input\":\"required name=search_term_string\"}],\"inLanguage\":\"en-US\"},{\"@type\":\"Organization\",\"@id\":\"http:\/\/dgi.pl\/#organization\",\"name\":\"DGI\",\"url\":\"http:\/\/dgi.pl\/\",\"logo\":{\"@type\":\"ImageObject\",\"inLanguage\":\"en-US\",\"@id\":\"http:\/\/dgi.pl\/#\/schema\/logo\/image\/\",\"url\":\"http:\/\/dgi.pl\/wp-content\/uploads\/2016\/05\/DGI_Nowy_Kolor.png\",\"contentUrl\":\"http:\/\/dgi.pl\/wp-content\/uploads\/2016\/05\/DGI_Nowy_Kolor.png\",\"width\":235,\"height\":141,\"caption\":\"DGI\"},\"image\":{\"@id\":\"http:\/\/dgi.pl\/#\/schema\/logo\/image\/\"}}]}<\/script>\n<!-- \/ Yoast SEO plugin. -->","yoast_head_json":{"title":"PRODUCTS - DGI - Instalacje autogaz do silnik\u00f3w z po\u015brednim i bezpo\u015brednim wtryskiem benzyny","robots":{"index":"index","follow":"follow","max-snippet":"max-snippet:-1","max-image-preview":"max-image-preview:large","max-video-preview":"max-video-preview:-1"},"canonical":"https:\/\/dgi.pl\/en\/products\/","og_locale":"en_US","og_type":"article","og_title":"PRODUCTS - DGI - Instalacje autogaz do silnik\u00f3w z po\u015brednim i bezpo\u015brednim wtryskiem benzyny","og_description":"[vc_row type=&#8221;full_width_content&#8221; bg_color=&#8221;#282828&#8243; scene_position=&#8221;center&#8221; text_color=&#8221;light&#8221; text_align=&#8221;center&#8221; top_padding=&#8221;0&#8243; bottom_padding=&#8221;0&#8243; overlay_strength=&#8221;0.3&#8243;][vc_column enable_animation=&#8221;true&#8221; animation=&#8221;fade-in&#8221; centered_text=&#8221;true&#8221; column_padding=&#8221;padding-6-percent&#8221; column_padding_position=&#8221;all&#8221; background_color=&#8221;#e36213&#8243; background_color_opacity=&#8221;1&#8243; background_hover_color_opacity=&#8221;1&#8243; width=&#8221;1\/1&#8243;][vc_column_text] Work on systems of gas injection in the liquid phase are proceeding...","og_url":"https:\/\/dgi.pl\/en\/products\/","og_site_name":"DGI - Instalacje autogaz do silnik\u00f3w z po\u015brednim i bezpo\u015brednim wtryskiem benzyny","article_modified_time":"2016-05-19T23:21:17+00:00","twitter_card":"summary_large_image","twitter_misc":{"Est. reading time":"4 minutes"},"schema":{"@context":"https:\/\/schema.org","@graph":[{"@type":"WebPage","@id":"https:\/\/dgi.pl\/en\/products\/","url":"https:\/\/dgi.pl\/en\/products\/","name":"PRODUCTS - DGI - Instalacje autogaz do silnik\u00f3w z po\u015brednim i bezpo\u015brednim wtryskiem benzyny","isPartOf":{"@id":"http:\/\/dgi.pl\/#website"},"datePublished":"2016-05-12T09:38:10+00:00","dateModified":"2016-05-19T23:21:17+00:00","breadcrumb":{"@id":"https:\/\/dgi.pl\/en\/products\/#breadcrumb"},"inLanguage":"en-US","potentialAction":[{"@type":"ReadAction","target":["https:\/\/dgi.pl\/en\/products\/"]}]},{"@type":"BreadcrumbList","@id":"https:\/\/dgi.pl\/en\/products\/#breadcrumb","itemListElement":[{"@type":"ListItem","position":1,"name":"Strona g\u0142\u00f3wna","item":"https:\/\/dgi.pl\/en\/"},{"@type":"ListItem","position":2,"name":"PRODUCTS"}]},{"@type":"WebSite","@id":"http:\/\/dgi.pl\/#website","url":"http:\/\/dgi.pl\/","name":"DGI - Instalacje autogaz do silnik\u00f3w z po\u015brednim i bezpo\u015brednim wtryskiem benzyny","description":"W firmie DGI pracujemy nad rozwojem alternatywnych \u017ar\u00f3de\u0142 zasilania silnik\u00f3w spalinowych. Skupili\u015bmy si\u0119 na skonstruowaniu, produkcji i sprzeda\u017cy instalacji sekwencyjnego wtrysku gazu w fazie ciek\u0142ej do silnik\u00f3w z po\u015brednim (V generacja) i bezpo\u015brednim (VI generacja) wtryskiem benzyny. Nie zapominamy oczywi\u015bcie o rozwoju system\u00f3w sekwencyjnego wtrysku gazu IV generacji.","publisher":{"@id":"http:\/\/dgi.pl\/#organization"},"potentialAction":[{"@type":"SearchAction","target":{"@type":"EntryPoint","urlTemplate":"http:\/\/dgi.pl\/?s={search_term_string}"},"query-input":"required name=search_term_string"}],"inLanguage":"en-US"},{"@type":"Organization","@id":"http:\/\/dgi.pl\/#organization","name":"DGI","url":"http:\/\/dgi.pl\/","logo":{"@type":"ImageObject","inLanguage":"en-US","@id":"http:\/\/dgi.pl\/#\/schema\/logo\/image\/","url":"http:\/\/dgi.pl\/wp-content\/uploads\/2016\/05\/DGI_Nowy_Kolor.png","contentUrl":"http:\/\/dgi.pl\/wp-content\/uploads\/2016\/05\/DGI_Nowy_Kolor.png","width":235,"height":141,"caption":"DGI"},"image":{"@id":"http:\/\/dgi.pl\/#\/schema\/logo\/image\/"}}]}},"_links":{"self":[{"href":"http:\/\/dgi.pl\/en\/wp-json\/wp\/v2\/pages\/115"}],"collection":[{"href":"http:\/\/dgi.pl\/en\/wp-json\/wp\/v2\/pages"}],"about":[{"href":"http:\/\/dgi.pl\/en\/wp-json\/wp\/v2\/types\/page"}],"author":[{"embeddable":true,"href":"http:\/\/dgi.pl\/en\/wp-json\/wp\/v2\/users\/1"}],"replies":[{"embeddable":true,"href":"http:\/\/dgi.pl\/en\/wp-json\/wp\/v2\/comments?post=115"}],"version-history":[{"count":2,"href":"http:\/\/dgi.pl\/en\/wp-json\/wp\/v2\/pages\/115\/revisions"}],"predecessor-version":[{"id":404,"href":"http:\/\/dgi.pl\/en\/wp-json\/wp\/v2\/pages\/115\/revisions\/404"}],"wp:attachment":[{"href":"http:\/\/dgi.pl\/en\/wp-json\/wp\/v2\/media?parent=115"}],"curies":[{"name":"wp","href":"https:\/\/api.w.org\/{rel}","templated":true}]}}