{"id":497,"date":"2017-03-10T13:30:54","date_gmt":"2017-03-10T11:30:54","guid":{"rendered":"http:\/\/dgi.pl\/en\/451-2\/"},"modified":"2017-03-14T17:49:29","modified_gmt":"2017-03-14T15:49:29","slug":"invitation-gas-show-2017","status":"publish","type":"page","link":"http:\/\/dgi.pl\/en\/invitation-gas-show-2017\/","title":{"rendered":"Invitation GAS SHOW 2017"},"content":{"rendered":"[vc_row type=&#8221;full_width_content&#8221; equal_height=&#8221;yes&#8221; vertically_center_columns=&#8221;true&#8221; bg_color=&#8221;#ffffff&#8221; mouse_based_parallax_bg=&#8221;true&#8221; scene_position=&#8221;center&#8221; text_color=&#8221;dark&#8221; text_align=&#8221;center&#8221; overlay_strength=&#8221;0.3&#8243;][vc_column centered_text=&#8221;true&#8221; column_padding=&#8221;padding-2-percent&#8221; column_padding_position=&#8221;bottom&#8221; background_color=&#8221;#ffffff&#8221; background_color_opacity=&#8221;1&#8243; background_hover_color_opacity=&#8221;1&#8243; bottom_margin=&#8221;200&#8243; width=&#8221;1\/1&#8243;][vc_column_text]<img loading=\"lazy\" decoding=\"async\" class=\"aligncenter wp-image-500 size-full\" style=\"padding: 30px;\" src=\"http:\/\/dgi.pl\/wp-content\/uploads\/2017\/03\/baner_targi_2017_en.png\" alt=\"GAS SHOW 2017\" width=\"922\" height=\"457\" srcset=\"http:\/\/dgi.pl\/wp-content\/uploads\/2017\/03\/baner_targi_2017_en.png 922w, http:\/\/dgi.pl\/wp-content\/uploads\/2017\/03\/baner_targi_2017_en-300x149.png 300w\" sizes=\"(max-width: 922px) 100vw, 922px\" \/><\/p>\n<h2>We have the honor to invite you to our stand during the GAS SHOW 2017.<br \/>\nIt will be an opportunity to present you DGI achievements<br \/>\nin the field of injection of LPG in the liquid phase.<br \/>\n<i>But not only that&#8230;<\/i><br \/>\nThe fair will be held on <b>07-08.04.2017<\/b><br \/>\nin Warsaw EXPO XXI Center, ul. Pr\u0105dzy\u0144skiego 12\/14, Poland<br \/>\n<b>Stand number: C2<\/b><br \/>\n<i>We cordially invite all visitors&#8230;<\/i><\/h2>\n<hr style=\"border: 1px orange dashed; width: 60%;\" \/>\n<p><img loading=\"lazy\" decoding=\"async\" class=\"aligncenter wp-image-469 size-full\" style=\"padding: 30px;\" src=\"http:\/\/dgi.pl\/wp-content\/uploads\/2017\/03\/baner_750-x-100-en-gs-2017.gif\" alt=\"GAS SHOW 2017\" width=\"750\" height=\"100\" \/>[\/vc_column_text][\/vc_column][\/vc_row]\n","protected":false},"excerpt":{"rendered":"<p>[vc_row type=&#8221;full_width_content&#8221; equal_height=&#8221;yes&#8221; vertically_center_columns=&#8221;true&#8221; bg_color=&#8221;#ffffff&#8221; mouse_based_parallax_bg=&#8221;true&#8221; scene_position=&#8221;center&#8221; text_color=&#8221;dark&#8221; text_align=&#8221;center&#8221; overlay_strength=&#8221;0.3&#8243;][vc_column centered_text=&#8221;true&#8221; column_padding=&#8221;padding-2-percent&#8221; column_padding_position=&#8221;bottom&#8221; background_color=&#8221;#ffffff&#8221; background_color_opacity=&#8221;1&#8243; background_hover_color_opacity=&#8221;1&#8243; bottom_margin=&#8221;200&#8243; width=&#8221;1\/1&#8243;][vc_column_text] We have the honor to invite you to our stand during the&#8230;<\/p>\n","protected":false},"author":1,"featured_media":0,"parent":0,"menu_order":0,"comment_status":"closed","ping_status":"closed","template":"","meta":{"footnotes":""},"yoast_head":"<!-- This site is optimized with the Yoast SEO plugin v21.7 - https:\/\/yoast.com\/wordpress\/plugins\/seo\/ -->\n<title>Invitation GAS SHOW 2017 - DGI - Instalacje autogaz do silnik\u00f3w z po\u015brednim i bezpo\u015brednim wtryskiem benzyny<\/title>\n<meta name=\"robots\" content=\"index, follow, max-snippet:-1, max-image-preview:large, max-video-preview:-1\" \/>\n<link rel=\"canonical\" href=\"http:\/\/dgi.pl\/en\/invitation-gas-show-2017\/\" \/>\n<meta property=\"og:locale\" content=\"en_US\" \/>\n<meta property=\"og:type\" content=\"article\" \/>\n<meta property=\"og:title\" content=\"Invitation GAS SHOW 2017 - DGI - Instalacje autogaz do silnik\u00f3w z po\u015brednim i bezpo\u015brednim wtryskiem benzyny\" \/>\n<meta property=\"og:description\" content=\"[vc_row type=&#8221;full_width_content&#8221; equal_height=&#8221;yes&#8221; vertically_center_columns=&#8221;true&#8221; bg_color=&#8221;#ffffff&#8221; mouse_based_parallax_bg=&#8221;true&#8221; scene_position=&#8221;center&#8221; text_color=&#8221;dark&#8221; text_align=&#8221;center&#8221; overlay_strength=&#8221;0.3&#8243;][vc_column centered_text=&#8221;true&#8221; column_padding=&#8221;padding-2-percent&#8221; column_padding_position=&#8221;bottom&#8221; background_color=&#8221;#ffffff&#8221; background_color_opacity=&#8221;1&#8243; background_hover_color_opacity=&#8221;1&#8243; bottom_margin=&#8221;200&#8243; width=&#8221;1\/1&#8243;][vc_column_text] We have the honor to invite you to our stand during the...\" \/>\n<meta property=\"og:url\" content=\"http:\/\/dgi.pl\/en\/invitation-gas-show-2017\/\" \/>\n<meta property=\"og:site_name\" content=\"DGI - Instalacje autogaz do silnik\u00f3w z po\u015brednim i bezpo\u015brednim wtryskiem benzyny\" \/>\n<meta property=\"article:modified_time\" content=\"2017-03-14T15:49:29+00:00\" \/>\n<meta property=\"og:image\" content=\"http:\/\/dgi.pl\/wp-content\/uploads\/2017\/03\/baner_targi_2017_en.png\" \/>\n<meta name=\"twitter:card\" content=\"summary_large_image\" \/>\n<meta name=\"twitter:label1\" content=\"Est. reading time\" \/>\n\t<meta name=\"twitter:data1\" content=\"1 minute\" \/>\n<script type=\"application\/ld+json\" class=\"yoast-schema-graph\">{\"@context\":\"https:\/\/schema.org\",\"@graph\":[{\"@type\":\"WebPage\",\"@id\":\"http:\/\/dgi.pl\/en\/invitation-gas-show-2017\/\",\"url\":\"http:\/\/dgi.pl\/en\/invitation-gas-show-2017\/\",\"name\":\"Invitation GAS SHOW 2017 - DGI - Instalacje autogaz do silnik\u00f3w z po\u015brednim i bezpo\u015brednim wtryskiem benzyny\",\"isPartOf\":{\"@id\":\"http:\/\/dgi.pl\/#website\"},\"datePublished\":\"2017-03-10T11:30:54+00:00\",\"dateModified\":\"2017-03-14T15:49:29+00:00\",\"breadcrumb\":{\"@id\":\"http:\/\/dgi.pl\/en\/invitation-gas-show-2017\/#breadcrumb\"},\"inLanguage\":\"en-US\",\"potentialAction\":[{\"@type\":\"ReadAction\",\"target\":[\"http:\/\/dgi.pl\/en\/invitation-gas-show-2017\/\"]}]},{\"@type\":\"BreadcrumbList\",\"@id\":\"http:\/\/dgi.pl\/en\/invitation-gas-show-2017\/#breadcrumb\",\"itemListElement\":[{\"@type\":\"ListItem\",\"position\":1,\"name\":\"Strona g\u0142\u00f3wna\",\"item\":\"http:\/\/dgi.pl\/en\/\"},{\"@type\":\"ListItem\",\"position\":2,\"name\":\"Invitation GAS SHOW 2017\"}]},{\"@type\":\"WebSite\",\"@id\":\"http:\/\/dgi.pl\/#website\",\"url\":\"http:\/\/dgi.pl\/\",\"name\":\"DGI - Instalacje autogaz do silnik\u00f3w z po\u015brednim i bezpo\u015brednim wtryskiem benzyny\",\"description\":\"W firmie DGI pracujemy nad rozwojem alternatywnych \u017ar\u00f3de\u0142 zasilania silnik\u00f3w spalinowych. Skupili\u015bmy si\u0119 na skonstruowaniu, produkcji i sprzeda\u017cy instalacji sekwencyjnego wtrysku gazu w fazie ciek\u0142ej do silnik\u00f3w z po\u015brednim (V generacja) i bezpo\u015brednim (VI generacja) wtryskiem benzyny. Nie zapominamy oczywi\u015bcie o rozwoju system\u00f3w sekwencyjnego wtrysku gazu IV generacji.\",\"publisher\":{\"@id\":\"http:\/\/dgi.pl\/#organization\"},\"potentialAction\":[{\"@type\":\"SearchAction\",\"target\":{\"@type\":\"EntryPoint\",\"urlTemplate\":\"http:\/\/dgi.pl\/?s={search_term_string}\"},\"query-input\":\"required name=search_term_string\"}],\"inLanguage\":\"en-US\"},{\"@type\":\"Organization\",\"@id\":\"http:\/\/dgi.pl\/#organization\",\"name\":\"DGI\",\"url\":\"http:\/\/dgi.pl\/\",\"logo\":{\"@type\":\"ImageObject\",\"inLanguage\":\"en-US\",\"@id\":\"http:\/\/dgi.pl\/#\/schema\/logo\/image\/\",\"url\":\"http:\/\/dgi.pl\/wp-content\/uploads\/2016\/05\/DGI_Nowy_Kolor.png\",\"contentUrl\":\"http:\/\/dgi.pl\/wp-content\/uploads\/2016\/05\/DGI_Nowy_Kolor.png\",\"width\":235,\"height\":141,\"caption\":\"DGI\"},\"image\":{\"@id\":\"http:\/\/dgi.pl\/#\/schema\/logo\/image\/\"}}]}<\/script>\n<!-- \/ Yoast SEO plugin. -->","yoast_head_json":{"title":"Invitation GAS SHOW 2017 - DGI - Instalacje autogaz do silnik\u00f3w z po\u015brednim i bezpo\u015brednim wtryskiem benzyny","robots":{"index":"index","follow":"follow","max-snippet":"max-snippet:-1","max-image-preview":"max-image-preview:large","max-video-preview":"max-video-preview:-1"},"canonical":"http:\/\/dgi.pl\/en\/invitation-gas-show-2017\/","og_locale":"en_US","og_type":"article","og_title":"Invitation GAS SHOW 2017 - DGI - Instalacje autogaz do silnik\u00f3w z po\u015brednim i bezpo\u015brednim wtryskiem benzyny","og_description":"[vc_row type=&#8221;full_width_content&#8221; equal_height=&#8221;yes&#8221; vertically_center_columns=&#8221;true&#8221; bg_color=&#8221;#ffffff&#8221; mouse_based_parallax_bg=&#8221;true&#8221; scene_position=&#8221;center&#8221; text_color=&#8221;dark&#8221; text_align=&#8221;center&#8221; overlay_strength=&#8221;0.3&#8243;][vc_column centered_text=&#8221;true&#8221; column_padding=&#8221;padding-2-percent&#8221; column_padding_position=&#8221;bottom&#8221; background_color=&#8221;#ffffff&#8221; background_color_opacity=&#8221;1&#8243; background_hover_color_opacity=&#8221;1&#8243; bottom_margin=&#8221;200&#8243; width=&#8221;1\/1&#8243;][vc_column_text] We have the honor to invite you to our stand during the...","og_url":"http:\/\/dgi.pl\/en\/invitation-gas-show-2017\/","og_site_name":"DGI - Instalacje autogaz do silnik\u00f3w z po\u015brednim i bezpo\u015brednim wtryskiem benzyny","article_modified_time":"2017-03-14T15:49:29+00:00","og_image":[{"url":"http:\/\/dgi.pl\/wp-content\/uploads\/2017\/03\/baner_targi_2017_en.png"}],"twitter_card":"summary_large_image","twitter_misc":{"Est. reading time":"1 minute"},"schema":{"@context":"https:\/\/schema.org","@graph":[{"@type":"WebPage","@id":"http:\/\/dgi.pl\/en\/invitation-gas-show-2017\/","url":"http:\/\/dgi.pl\/en\/invitation-gas-show-2017\/","name":"Invitation GAS SHOW 2017 - DGI - Instalacje autogaz do silnik\u00f3w z po\u015brednim i bezpo\u015brednim wtryskiem benzyny","isPartOf":{"@id":"http:\/\/dgi.pl\/#website"},"datePublished":"2017-03-10T11:30:54+00:00","dateModified":"2017-03-14T15:49:29+00:00","breadcrumb":{"@id":"http:\/\/dgi.pl\/en\/invitation-gas-show-2017\/#breadcrumb"},"inLanguage":"en-US","potentialAction":[{"@type":"ReadAction","target":["http:\/\/dgi.pl\/en\/invitation-gas-show-2017\/"]}]},{"@type":"BreadcrumbList","@id":"http:\/\/dgi.pl\/en\/invitation-gas-show-2017\/#breadcrumb","itemListElement":[{"@type":"ListItem","position":1,"name":"Strona g\u0142\u00f3wna","item":"http:\/\/dgi.pl\/en\/"},{"@type":"ListItem","position":2,"name":"Invitation GAS SHOW 2017"}]},{"@type":"WebSite","@id":"http:\/\/dgi.pl\/#website","url":"http:\/\/dgi.pl\/","name":"DGI - Instalacje autogaz do silnik\u00f3w z po\u015brednim i bezpo\u015brednim wtryskiem benzyny","description":"W firmie DGI pracujemy nad rozwojem alternatywnych \u017ar\u00f3de\u0142 zasilania silnik\u00f3w spalinowych. Skupili\u015bmy si\u0119 na skonstruowaniu, produkcji i sprzeda\u017cy instalacji sekwencyjnego wtrysku gazu w fazie ciek\u0142ej do silnik\u00f3w z po\u015brednim (V generacja) i bezpo\u015brednim (VI generacja) wtryskiem benzyny. Nie zapominamy oczywi\u015bcie o rozwoju system\u00f3w sekwencyjnego wtrysku gazu IV generacji.","publisher":{"@id":"http:\/\/dgi.pl\/#organization"},"potentialAction":[{"@type":"SearchAction","target":{"@type":"EntryPoint","urlTemplate":"http:\/\/dgi.pl\/?s={search_term_string}"},"query-input":"required name=search_term_string"}],"inLanguage":"en-US"},{"@type":"Organization","@id":"http:\/\/dgi.pl\/#organization","name":"DGI","url":"http:\/\/dgi.pl\/","logo":{"@type":"ImageObject","inLanguage":"en-US","@id":"http:\/\/dgi.pl\/#\/schema\/logo\/image\/","url":"http:\/\/dgi.pl\/wp-content\/uploads\/2016\/05\/DGI_Nowy_Kolor.png","contentUrl":"http:\/\/dgi.pl\/wp-content\/uploads\/2016\/05\/DGI_Nowy_Kolor.png","width":235,"height":141,"caption":"DGI"},"image":{"@id":"http:\/\/dgi.pl\/#\/schema\/logo\/image\/"}}]}},"_links":{"self":[{"href":"http:\/\/dgi.pl\/en\/wp-json\/wp\/v2\/pages\/497"}],"collection":[{"href":"http:\/\/dgi.pl\/en\/wp-json\/wp\/v2\/pages"}],"about":[{"href":"http:\/\/dgi.pl\/en\/wp-json\/wp\/v2\/types\/page"}],"author":[{"embeddable":true,"href":"http:\/\/dgi.pl\/en\/wp-json\/wp\/v2\/users\/1"}],"replies":[{"embeddable":true,"href":"http:\/\/dgi.pl\/en\/wp-json\/wp\/v2\/comments?post=497"}],"version-history":[{"count":3,"href":"http:\/\/dgi.pl\/en\/wp-json\/wp\/v2\/pages\/497\/revisions"}],"predecessor-version":[{"id":507,"href":"http:\/\/dgi.pl\/en\/wp-json\/wp\/v2\/pages\/497\/revisions\/507"}],"wp:attachment":[{"href":"http:\/\/dgi.pl\/en\/wp-json\/wp\/v2\/media?parent=497"}],"curies":[{"name":"wp","href":"https:\/\/api.w.org\/{rel}","templated":true}]}}