{"id":128,"date":"2016-05-12T11:33:41","date_gmt":"2016-05-12T09:33:41","guid":{"rendered":"http:\/\/dgi.pl\/ru\/?page_id=128"},"modified":"2016-05-20T01:16:41","modified_gmt":"2016-05-19T23:16:41","slug":"%d0%bf%d1%80%d0%be%d0%b3%d1%80%d0%b5%d1%81%d1%81-%d1%8d%d1%82%d0%be-%d1%83-%d0%bd%d0%b0%d1%81-%d0%b2-%d0%ba%d1%80%d0%be%d0%b2%d0%b8","status":"publish","type":"page","link":"http:\/\/dgi.pl\/ru\/%d0%bf%d1%80%d0%be%d0%b3%d1%80%d0%b5%d1%81%d1%81-%d1%8d%d1%82%d0%be-%d1%83-%d0%bd%d0%b0%d1%81-%d0%b2-%d0%ba%d1%80%d0%be%d0%b2%d0%b8\/","title":{"rendered":"\u041f\u0440\u043e\u0433\u0440\u0435\u0441\u0441 &#8212; \u044d\u0442\u043e \u0443 \u043d\u0430\u0441 \u0432 \u043a\u0440\u043e\u0432\u0438"},"content":{"rendered":"[vc_row type=&#187;full_width_content&#187; bg_color=&#187;#ffffff&#187; scene_position=&#187;center&#187; text_color=&#187;dark&#187; text_align=&#187;left&#187; top_padding=&#187;0&#8243; bottom_padding=&#187;0&#8243; overlay_strength=&#187;0.3&#8243;][vc_column enable_animation=&#187;true&#187; animation=&#187;fade-in-from-left&#187; centered_text=&#187;true&#187; column_padding=&#187;padding-4-percent&#187; column_padding_position=&#187;all&#187; background_color=&#187;#282828&#8243; background_color_opacity=&#187;1&#8243; background_hover_color_opacity=&#187;1&#8243; font_color=&#187;#ffffff&#187; width=&#187;1\/2&#8243; delay=&#187;25&#8243;][vc_row_inner][vc_column_inner column_padding=&#187;no-extra-padding&#187; column_padding_position=&#187;all&#187; background_color_opacity=&#187;1&#8243; width=&#187;1\/1&#8243;][vc_column_text]\n<h1 style=\"color: #d8d8d8;\">\u041f\u0440\u043e\u0433\u0440\u0435\u0441\u0441 &#8212; \u044d\u0442\u043e \u0443 \u043d\u0430\u0441 \u0432 \u043a\u0440\u043e\u0432\u0438. \u0412 \u043a\u043e\u043c\u043f\u0430\u043d\u0438\u0438 DGI \u0443\u0436\u0435 \u0441\u0435\u0433\u043e\u0434\u043d\u044f \u0440\u0430\u0437\u0432\u0438\u0432\u0430\u0435\u043c \u0442\u0435\u0445\u043d\u043e\u043b\u043e\u0433\u0438\u0438, \u043a\u043e\u0442\u043e\u0440\u044b\u0445 \u0434\u043e\u043b\u0433\u043e \u0436\u0434\u0443\u0442 \u043f\u043e\u043b\u044c\u0437\u043e\u0432\u0430\u0442\u0435\u043b\u0438 \u0442\u0440\u0430\u043d\u0441\u043f\u043e\u0440\u0442\u043d\u044b\u0445 \u0441\u0440\u0435\u0434\u0441\u0442\u0432.<\/h1>\n[\/vc_column_text][\/vc_column_inner][\/vc_row_inner][\/vc_column][vc_column enable_animation=&#187;true&#187; animation=&#187;fade-in-from-right&#187; column_padding=&#187;padding-4-percent&#187; column_padding_position=&#187;all&#187; background_color_opacity=&#187;1&#8243; background_hover_color_opacity=&#187;1&#8243; width=&#187;1\/2&#8243; delay=&#187;25&#8243;][vc_row_inner][vc_column_inner column_padding=&#187;padding-4-percent&#187; column_padding_position=&#187;all&#187; background_color_opacity=&#187;1&#8243; width=&#187;1\/1&#8243;][vc_column_text]\n<p align=\"justify\">\u041b\u044e\u0434\u0438 \u0432\u0441\u0435\u0433\u0434\u0430 \u0441\u0442\u0440\u0435\u043c\u0438\u043b\u0438\u0441\u044c \u043c\u043e\u0434\u0435\u0440\u043d\u0438\u0437\u0438\u0440\u043e\u0432\u0430\u0442\u044c \u0442\u0440\u0430\u043d\u0441\u043f\u043e\u0440\u0442\u043d\u044b\u0435 \u0441\u0440\u0435\u0434\u0441\u0442\u0432\u0430, \u043a\u043e\u0442\u043e\u0440\u044b\u0435 \u0441\u043b\u0443\u0436\u0430\u0442 \u0438\u043c \u0434\u043b\u044f \u0440\u0430\u0431\u043e\u0442\u044b \u0438\u043b\u0438 \u043a\u043e\u0442\u043e\u0440\u044b\u043c\u0438 \u043f\u0440\u043e\u0441\u0442\u043e \u043f\u0443\u0442\u0435\u0448\u0435\u0441\u0442\u0432\u0443\u044e\u0442. \u0418\u043c\u0435\u043d\u043d\u043e \u043f\u043e\u044d\u0442\u043e\u043c\u0443 \u0438\u043d\u0436\u0435\u043d\u0435\u0440\u044b \u043c\u043d\u043e\u0433\u0438\u0445 \u043e\u0442\u0440\u0430\u0441\u043b\u0435\u0439 \u043f\u043e\u0441\u0442\u043e\u044f\u043d\u043d\u043e \u0440\u0430\u0431\u043e\u0442\u0430\u044e\u0442 \u043d\u0430\u0434 \u043f\u0440\u043e\u0435\u043a\u0442\u0430\u043c\u0438, \u0441\u0432\u044f\u0437\u0430\u043d\u043d\u044b\u043c\u0438 \u0441 \u0441\u0438\u0441\u0442\u0435\u043c\u0430\u043c\u0438 \u044d\u043d\u0435\u0440\u0433\u043e\u0441\u043d\u0430\u0431\u0436\u0435\u043d\u0438\u044f \u0442\u0440\u0430\u043d\u0441\u043f\u043e\u0440\u0442\u043d\u044b\u0445 \u0441\u0440\u0435\u0434\u0441\u0442\u0432. \u0420\u0430\u0437\u0440\u0430\u0431\u0430\u0442\u044b\u0432\u0430\u044e\u0442\u0441\u044f \u043d\u0435 \u0442\u043e\u043b\u044c\u043a\u043e \u0442\u0440\u0430\u0434\u0438\u0446\u0438\u043e\u043d\u043d\u044b\u0435 \u0438\u0441\u0442\u043e\u0447\u043d\u0438\u043a\u0438 \u043f\u0438\u0442\u0430\u043d\u0438\u044f \u0431\u0435\u043d\u0437\u0438\u043d\u043e\u0432\u044b\u0445 \u0434\u0432\u0438\u0433\u0430\u0442\u0435\u043b\u0435\u0439 \u0438 \u0442\u0435\u0445, \u043a\u043e\u0442\u043e\u0440\u044b\u0435 \u0440\u0430\u0431\u043e\u0442\u0430\u044e\u0442 \u043d\u0430 \u0434\u0438\u0437\u0435\u043b\u044c\u043d\u043e\u043c \u0442\u043e\u043f\u043b\u0438\u0432\u0435. \u041f\u043e\u043b\u043d\u044b\u043c \u0445\u043e\u0434\u043e\u043c \u0438\u0434\u0435\u0442 \u0442\u0430\u043a\u0436\u0435 \u0440\u0430\u0431\u043e\u0442\u0430 \u043f\u043e \u0440\u0430\u0437\u0432\u0438\u0442\u0438\u044e \u0442\u0440\u0430\u043d\u0441\u043f\u043e\u0440\u0442\u043d\u044b\u0445 \u0441\u0440\u0435\u0434\u0441\u0442\u0432, \u0440\u0430\u0431\u043e\u0442\u0430\u044e\u0449\u0438\u0445 \u043e\u0442 \u0441\u043e\u043b\u043d\u0435\u0447\u043d\u043e\u0439 \u044d\u043d\u0435\u0440\u0433\u0438\u0438, \u0438\u0441\u043f\u043e\u043b\u044c\u0437\u0443\u044e\u0449\u0438\u043c\u0438 \u0432\u043e\u0434\u043e\u0440\u043e\u0434\u043d\u044b\u0435 \u0431\u0430\u0442\u0430\u0440\u0435\u0438 \u0438\u043b\u0438 \u0434\u0440\u0443\u0433\u0438\u0435 \u0430\u043b\u044c\u0442\u0435\u0440\u043d\u0430\u0442\u0438\u0432\u043d\u044b\u0435 \u0438\u0441\u0442\u043e\u0447\u043d\u0438\u043a\u0438 \u044d\u043d\u0435\u0440\u0433\u0438\u0438&#8230;<\/p>\n[\/vc_column_text][\/vc_column_inner][\/vc_row_inner][\/vc_column][\/vc_row][vc_row type=&#187;full_width_background&#187; bg_color=&#187;#e36213&#8243; scene_position=&#187;center&#187; text_color=&#187;light&#187; text_align=&#187;left&#187; top_padding=&#187;60&#8243; bottom_padding=&#187;40&#8243; overlay_strength=&#187;0.3&#8243;][vc_column column_padding=&#187;no-extra-padding&#187; column_padding_position=&#187;all&#187; background_color_opacity=&#187;1&#8243; background_hover_color_opacity=&#187;1&#8243; width=&#187;1\/1&#8243;][vc_column_text]\n<h2 class=\"light\" style=\"text-align: center;\">\u0421 \u043d\u0430\u043c\u0438 \u0441\u0442\u043e\u0438\u0442 \u0441\u043e\u0442\u0440\u0443\u0434\u043d\u0438\u0447\u0430\u0442\u044c! <a class=\"nectar-button n-sc-button large see-through has-icon\"  href=\"http:\/\/dgi.pl\/ru\/produkty\" data-color-override=\"false\" data-hover-color-override=\"false\" data-hover-text-color-override=\"#fff\"><span>\u041f\u0420\u041e\u0412\u0415\u0420\u042c\u0422\u0415 \u041d\u0410\u0428\u0415 \u041f\u0420\u0415\u0414\u041b\u041e\u0416\u0415\u041d\u0418\u0415<\/span><i class=\"icon-button-arrow\"><\/i><\/a><\/h2>\n[\/vc_column_text][\/vc_column][\/vc_row]\n","protected":false},"excerpt":{"rendered":"<p>[vc_row type=&#187;full_width_content&#187; bg_color=&#187;#ffffff&#187; scene_position=&#187;center&#187; text_color=&#187;dark&#187; text_align=&#187;left&#187; top_padding=&#187;0&#8243; bottom_padding=&#187;0&#8243; overlay_strength=&#187;0.3&#8243;][vc_column enable_animation=&#187;true&#187; animation=&#187;fade-in-from-left&#187; centered_text=&#187;true&#187; column_padding=&#187;padding-4-percent&#187; column_padding_position=&#187;all&#187; background_color=&#187;#282828&#8243; background_color_opacity=&#187;1&#8243; background_hover_color_opacity=&#187;1&#8243; font_color=&#187;#ffffff&#187; width=&#187;1\/2&#8243; delay=&#187;25&#8243;][vc_row_inner][vc_column_inner column_padding=&#187;no-extra-padding&#187; column_padding_position=&#187;all&#187; background_color_opacity=&#187;1&#8243; width=&#187;1\/1&#8243;][vc_column_text] \u041f\u0440\u043e\u0433\u0440\u0435\u0441\u0441 &#8212; \u044d\u0442\u043e \u0443 \u043d\u0430\u0441 \u0432&#8230;<\/p>\n","protected":false},"author":1,"featured_media":0,"parent":0,"menu_order":0,"comment_status":"closed","ping_status":"closed","template":"","meta":{"footnotes":""},"yoast_head":"<!-- This site is optimized with the Yoast SEO plugin v21.7 - https:\/\/yoast.com\/wordpress\/plugins\/seo\/ -->\n<title>\u041f\u0440\u043e\u0433\u0440\u0435\u0441\u0441 - \u044d\u0442\u043e \u0443 \u043d\u0430\u0441 \u0432 \u043a\u0440\u043e\u0432\u0438 - DGI - Instalacje autogaz do silnik\u00f3w z po\u015brednim i bezpo\u015brednim wtryskiem benzyny<\/title>\n<meta name=\"robots\" content=\"index, follow, max-snippet:-1, max-image-preview:large, max-video-preview:-1\" \/>\n<link rel=\"canonical\" href=\"http:\/\/dgi.pl\/ru\/\u043f\u0440\u043e\u0433\u0440\u0435\u0441\u0441-\u044d\u0442\u043e-\u0443-\u043d\u0430\u0441-\u0432-\u043a\u0440\u043e\u0432\u0438\/\" \/>\n<meta property=\"og:locale\" content=\"ru_RU\" \/>\n<meta property=\"og:type\" content=\"article\" \/>\n<meta property=\"og:title\" content=\"\u041f\u0440\u043e\u0433\u0440\u0435\u0441\u0441 - \u044d\u0442\u043e \u0443 \u043d\u0430\u0441 \u0432 \u043a\u0440\u043e\u0432\u0438 - DGI - Instalacje autogaz do silnik\u00f3w z po\u015brednim i bezpo\u015brednim wtryskiem benzyny\" \/>\n<meta property=\"og:description\" content=\"[vc_row type=&#187;full_width_content&#187; bg_color=&#187;#ffffff&#187; scene_position=&#187;center&#187; text_color=&#187;dark&#187; text_align=&#187;left&#187; top_padding=&#187;0&#8243; bottom_padding=&#187;0&#8243; overlay_strength=&#187;0.3&#8243;][vc_column enable_animation=&#187;true&#187; animation=&#187;fade-in-from-left&#187; centered_text=&#187;true&#187; column_padding=&#187;padding-4-percent&#187; column_padding_position=&#187;all&#187; background_color=&#187;#282828&#8243; background_color_opacity=&#187;1&#8243; background_hover_color_opacity=&#187;1&#8243; font_color=&#187;#ffffff&#187; width=&#187;1\/2&#8243; delay=&#187;25&#8243;][vc_row_inner][vc_column_inner column_padding=&#187;no-extra-padding&#187; column_padding_position=&#187;all&#187; background_color_opacity=&#187;1&#8243; width=&#187;1\/1&#8243;][vc_column_text] \u041f\u0440\u043e\u0433\u0440\u0435\u0441\u0441 &#8212; \u044d\u0442\u043e \u0443 \u043d\u0430\u0441 \u0432...\" \/>\n<meta property=\"og:url\" content=\"http:\/\/dgi.pl\/ru\/\u043f\u0440\u043e\u0433\u0440\u0435\u0441\u0441-\u044d\u0442\u043e-\u0443-\u043d\u0430\u0441-\u0432-\u043a\u0440\u043e\u0432\u0438\/\" \/>\n<meta property=\"og:site_name\" content=\"DGI - Instalacje autogaz do silnik\u00f3w z po\u015brednim i bezpo\u015brednim wtryskiem benzyny\" \/>\n<meta property=\"article:modified_time\" content=\"2016-05-19T23:16:41+00:00\" \/>\n<meta name=\"twitter:card\" content=\"summary_large_image\" \/>\n<meta name=\"twitter:label1\" content=\"\u041f\u0440\u0438\u043c\u0435\u0440\u043d\u043e\u0435 \u0432\u0440\u0435\u043c\u044f \u0434\u043b\u044f \u0447\u0442\u0435\u043d\u0438\u044f\" \/>\n\t<meta name=\"twitter:data1\" content=\"1 \u043c\u0438\u043d\u0443\u0442\u0430\" \/>\n<script type=\"application\/ld+json\" class=\"yoast-schema-graph\">{\"@context\":\"https:\/\/schema.org\",\"@graph\":[{\"@type\":\"WebPage\",\"@id\":\"http:\/\/dgi.pl\/ru\/%d0%bf%d1%80%d0%be%d0%b3%d1%80%d0%b5%d1%81%d1%81-%d1%8d%d1%82%d0%be-%d1%83-%d0%bd%d0%b0%d1%81-%d0%b2-%d0%ba%d1%80%d0%be%d0%b2%d0%b8\/\",\"url\":\"http:\/\/dgi.pl\/ru\/%d0%bf%d1%80%d0%be%d0%b3%d1%80%d0%b5%d1%81%d1%81-%d1%8d%d1%82%d0%be-%d1%83-%d0%bd%d0%b0%d1%81-%d0%b2-%d0%ba%d1%80%d0%be%d0%b2%d0%b8\/\",\"name\":\"\u041f\u0440\u043e\u0433\u0440\u0435\u0441\u0441 - \u044d\u0442\u043e \u0443 \u043d\u0430\u0441 \u0432 \u043a\u0440\u043e\u0432\u0438 - DGI - Instalacje autogaz do silnik\u00f3w z po\u015brednim i bezpo\u015brednim wtryskiem benzyny\",\"isPartOf\":{\"@id\":\"http:\/\/dgi.pl\/#website\"},\"datePublished\":\"2016-05-12T09:33:41+00:00\",\"dateModified\":\"2016-05-19T23:16:41+00:00\",\"breadcrumb\":{\"@id\":\"http:\/\/dgi.pl\/ru\/%d0%bf%d1%80%d0%be%d0%b3%d1%80%d0%b5%d1%81%d1%81-%d1%8d%d1%82%d0%be-%d1%83-%d0%bd%d0%b0%d1%81-%d0%b2-%d0%ba%d1%80%d0%be%d0%b2%d0%b8\/#breadcrumb\"},\"inLanguage\":\"ru-RU\",\"potentialAction\":[{\"@type\":\"ReadAction\",\"target\":[\"http:\/\/dgi.pl\/ru\/%d0%bf%d1%80%d0%be%d0%b3%d1%80%d0%b5%d1%81%d1%81-%d1%8d%d1%82%d0%be-%d1%83-%d0%bd%d0%b0%d1%81-%d0%b2-%d0%ba%d1%80%d0%be%d0%b2%d0%b8\/\"]}]},{\"@type\":\"BreadcrumbList\",\"@id\":\"http:\/\/dgi.pl\/ru\/%d0%bf%d1%80%d0%be%d0%b3%d1%80%d0%b5%d1%81%d1%81-%d1%8d%d1%82%d0%be-%d1%83-%d0%bd%d0%b0%d1%81-%d0%b2-%d0%ba%d1%80%d0%be%d0%b2%d0%b8\/#breadcrumb\",\"itemListElement\":[{\"@type\":\"ListItem\",\"position\":1,\"name\":\"Strona g\u0142\u00f3wna\",\"item\":\"http:\/\/dgi.pl\/ru\/\"},{\"@type\":\"ListItem\",\"position\":2,\"name\":\"\u041f\u0440\u043e\u0433\u0440\u0435\u0441\u0441 &#8212; \u044d\u0442\u043e \u0443 \u043d\u0430\u0441 \u0432 \u043a\u0440\u043e\u0432\u0438\"}]},{\"@type\":\"WebSite\",\"@id\":\"http:\/\/dgi.pl\/#website\",\"url\":\"http:\/\/dgi.pl\/\",\"name\":\"DGI - Instalacje autogaz do silnik\u00f3w z po\u015brednim i bezpo\u015brednim wtryskiem benzyny\",\"description\":\"W firmie DGI pracujemy nad rozwojem alternatywnych \u017ar\u00f3de\u0142 zasilania silnik\u00f3w spalinowych. Skupili\u015bmy si\u0119 na skonstruowaniu, produkcji i sprzeda\u017cy instalacji sekwencyjnego wtrysku gazu w fazie ciek\u0142ej do silnik\u00f3w z po\u015brednim (V generacja) i bezpo\u015brednim (VI generacja) wtryskiem benzyny. Nie zapominamy oczywi\u015bcie o rozwoju system\u00f3w sekwencyjnego wtrysku gazu IV generacji.\",\"publisher\":{\"@id\":\"http:\/\/dgi.pl\/#organization\"},\"potentialAction\":[{\"@type\":\"SearchAction\",\"target\":{\"@type\":\"EntryPoint\",\"urlTemplate\":\"http:\/\/dgi.pl\/?s={search_term_string}\"},\"query-input\":\"required name=search_term_string\"}],\"inLanguage\":\"ru-RU\"},{\"@type\":\"Organization\",\"@id\":\"http:\/\/dgi.pl\/#organization\",\"name\":\"DGI\",\"url\":\"http:\/\/dgi.pl\/\",\"logo\":{\"@type\":\"ImageObject\",\"inLanguage\":\"ru-RU\",\"@id\":\"http:\/\/dgi.pl\/#\/schema\/logo\/image\/\",\"url\":\"http:\/\/dgi.pl\/wp-content\/uploads\/2016\/05\/DGI_Nowy_Kolor.png\",\"contentUrl\":\"http:\/\/dgi.pl\/wp-content\/uploads\/2016\/05\/DGI_Nowy_Kolor.png\",\"width\":235,\"height\":141,\"caption\":\"DGI\"},\"image\":{\"@id\":\"http:\/\/dgi.pl\/#\/schema\/logo\/image\/\"}}]}<\/script>\n<!-- \/ Yoast SEO plugin. -->","yoast_head_json":{"title":"\u041f\u0440\u043e\u0433\u0440\u0435\u0441\u0441 - \u044d\u0442\u043e \u0443 \u043d\u0430\u0441 \u0432 \u043a\u0440\u043e\u0432\u0438 - DGI - Instalacje autogaz do silnik\u00f3w z po\u015brednim i bezpo\u015brednim wtryskiem benzyny","robots":{"index":"index","follow":"follow","max-snippet":"max-snippet:-1","max-image-preview":"max-image-preview:large","max-video-preview":"max-video-preview:-1"},"canonical":"http:\/\/dgi.pl\/ru\/\u043f\u0440\u043e\u0433\u0440\u0435\u0441\u0441-\u044d\u0442\u043e-\u0443-\u043d\u0430\u0441-\u0432-\u043a\u0440\u043e\u0432\u0438\/","og_locale":"ru_RU","og_type":"article","og_title":"\u041f\u0440\u043e\u0433\u0440\u0435\u0441\u0441 - \u044d\u0442\u043e \u0443 \u043d\u0430\u0441 \u0432 \u043a\u0440\u043e\u0432\u0438 - DGI - Instalacje autogaz do silnik\u00f3w z po\u015brednim i bezpo\u015brednim wtryskiem benzyny","og_description":"[vc_row type=&#187;full_width_content&#187; bg_color=&#187;#ffffff&#187; scene_position=&#187;center&#187; text_color=&#187;dark&#187; text_align=&#187;left&#187; top_padding=&#187;0&#8243; bottom_padding=&#187;0&#8243; overlay_strength=&#187;0.3&#8243;][vc_column enable_animation=&#187;true&#187; animation=&#187;fade-in-from-left&#187; centered_text=&#187;true&#187; column_padding=&#187;padding-4-percent&#187; column_padding_position=&#187;all&#187; background_color=&#187;#282828&#8243; background_color_opacity=&#187;1&#8243; background_hover_color_opacity=&#187;1&#8243; font_color=&#187;#ffffff&#187; width=&#187;1\/2&#8243; delay=&#187;25&#8243;][vc_row_inner][vc_column_inner column_padding=&#187;no-extra-padding&#187; column_padding_position=&#187;all&#187; background_color_opacity=&#187;1&#8243; width=&#187;1\/1&#8243;][vc_column_text] \u041f\u0440\u043e\u0433\u0440\u0435\u0441\u0441 &#8212; \u044d\u0442\u043e \u0443 \u043d\u0430\u0441 \u0432...","og_url":"http:\/\/dgi.pl\/ru\/\u043f\u0440\u043e\u0433\u0440\u0435\u0441\u0441-\u044d\u0442\u043e-\u0443-\u043d\u0430\u0441-\u0432-\u043a\u0440\u043e\u0432\u0438\/","og_site_name":"DGI - Instalacje autogaz do silnik\u00f3w z po\u015brednim i bezpo\u015brednim wtryskiem benzyny","article_modified_time":"2016-05-19T23:16:41+00:00","twitter_card":"summary_large_image","twitter_misc":{"\u041f\u0440\u0438\u043c\u0435\u0440\u043d\u043e\u0435 \u0432\u0440\u0435\u043c\u044f \u0434\u043b\u044f \u0447\u0442\u0435\u043d\u0438\u044f":"1 \u043c\u0438\u043d\u0443\u0442\u0430"},"schema":{"@context":"https:\/\/schema.org","@graph":[{"@type":"WebPage","@id":"http:\/\/dgi.pl\/ru\/%d0%bf%d1%80%d0%be%d0%b3%d1%80%d0%b5%d1%81%d1%81-%d1%8d%d1%82%d0%be-%d1%83-%d0%bd%d0%b0%d1%81-%d0%b2-%d0%ba%d1%80%d0%be%d0%b2%d0%b8\/","url":"http:\/\/dgi.pl\/ru\/%d0%bf%d1%80%d0%be%d0%b3%d1%80%d0%b5%d1%81%d1%81-%d1%8d%d1%82%d0%be-%d1%83-%d0%bd%d0%b0%d1%81-%d0%b2-%d0%ba%d1%80%d0%be%d0%b2%d0%b8\/","name":"\u041f\u0440\u043e\u0433\u0440\u0435\u0441\u0441 - \u044d\u0442\u043e \u0443 \u043d\u0430\u0441 \u0432 \u043a\u0440\u043e\u0432\u0438 - DGI - Instalacje autogaz do silnik\u00f3w z po\u015brednim i bezpo\u015brednim wtryskiem benzyny","isPartOf":{"@id":"http:\/\/dgi.pl\/#website"},"datePublished":"2016-05-12T09:33:41+00:00","dateModified":"2016-05-19T23:16:41+00:00","breadcrumb":{"@id":"http:\/\/dgi.pl\/ru\/%d0%bf%d1%80%d0%be%d0%b3%d1%80%d0%b5%d1%81%d1%81-%d1%8d%d1%82%d0%be-%d1%83-%d0%bd%d0%b0%d1%81-%d0%b2-%d0%ba%d1%80%d0%be%d0%b2%d0%b8\/#breadcrumb"},"inLanguage":"ru-RU","potentialAction":[{"@type":"ReadAction","target":["http:\/\/dgi.pl\/ru\/%d0%bf%d1%80%d0%be%d0%b3%d1%80%d0%b5%d1%81%d1%81-%d1%8d%d1%82%d0%be-%d1%83-%d0%bd%d0%b0%d1%81-%d0%b2-%d0%ba%d1%80%d0%be%d0%b2%d0%b8\/"]}]},{"@type":"BreadcrumbList","@id":"http:\/\/dgi.pl\/ru\/%d0%bf%d1%80%d0%be%d0%b3%d1%80%d0%b5%d1%81%d1%81-%d1%8d%d1%82%d0%be-%d1%83-%d0%bd%d0%b0%d1%81-%d0%b2-%d0%ba%d1%80%d0%be%d0%b2%d0%b8\/#breadcrumb","itemListElement":[{"@type":"ListItem","position":1,"name":"Strona g\u0142\u00f3wna","item":"http:\/\/dgi.pl\/ru\/"},{"@type":"ListItem","position":2,"name":"\u041f\u0440\u043e\u0433\u0440\u0435\u0441\u0441 &#8212; \u044d\u0442\u043e \u0443 \u043d\u0430\u0441 \u0432 \u043a\u0440\u043e\u0432\u0438"}]},{"@type":"WebSite","@id":"http:\/\/dgi.pl\/#website","url":"http:\/\/dgi.pl\/","name":"DGI - Instalacje autogaz do silnik\u00f3w z po\u015brednim i bezpo\u015brednim wtryskiem benzyny","description":"W firmie DGI pracujemy nad rozwojem alternatywnych \u017ar\u00f3de\u0142 zasilania silnik\u00f3w spalinowych. Skupili\u015bmy si\u0119 na skonstruowaniu, produkcji i sprzeda\u017cy instalacji sekwencyjnego wtrysku gazu w fazie ciek\u0142ej do silnik\u00f3w z po\u015brednim (V generacja) i bezpo\u015brednim (VI generacja) wtryskiem benzyny. Nie zapominamy oczywi\u015bcie o rozwoju system\u00f3w sekwencyjnego wtrysku gazu IV generacji.","publisher":{"@id":"http:\/\/dgi.pl\/#organization"},"potentialAction":[{"@type":"SearchAction","target":{"@type":"EntryPoint","urlTemplate":"http:\/\/dgi.pl\/?s={search_term_string}"},"query-input":"required name=search_term_string"}],"inLanguage":"ru-RU"},{"@type":"Organization","@id":"http:\/\/dgi.pl\/#organization","name":"DGI","url":"http:\/\/dgi.pl\/","logo":{"@type":"ImageObject","inLanguage":"ru-RU","@id":"http:\/\/dgi.pl\/#\/schema\/logo\/image\/","url":"http:\/\/dgi.pl\/wp-content\/uploads\/2016\/05\/DGI_Nowy_Kolor.png","contentUrl":"http:\/\/dgi.pl\/wp-content\/uploads\/2016\/05\/DGI_Nowy_Kolor.png","width":235,"height":141,"caption":"DGI"},"image":{"@id":"http:\/\/dgi.pl\/#\/schema\/logo\/image\/"}}]}},"_links":{"self":[{"href":"http:\/\/dgi.pl\/ru\/wp-json\/wp\/v2\/pages\/128"}],"collection":[{"href":"http:\/\/dgi.pl\/ru\/wp-json\/wp\/v2\/pages"}],"about":[{"href":"http:\/\/dgi.pl\/ru\/wp-json\/wp\/v2\/types\/page"}],"author":[{"embeddable":true,"href":"http:\/\/dgi.pl\/ru\/wp-json\/wp\/v2\/users\/1"}],"replies":[{"embeddable":true,"href":"http:\/\/dgi.pl\/ru\/wp-json\/wp\/v2\/comments?post=128"}],"version-history":[{"count":4,"href":"http:\/\/dgi.pl\/ru\/wp-json\/wp\/v2\/pages\/128\/revisions"}],"predecessor-version":[{"id":399,"href":"http:\/\/dgi.pl\/ru\/wp-json\/wp\/v2\/pages\/128\/revisions\/399"}],"wp:attachment":[{"href":"http:\/\/dgi.pl\/ru\/wp-json\/wp\/v2\/media?parent=128"}],"curies":[{"name":"wp","href":"https:\/\/api.w.org\/{rel}","templated":true}]}}