{"id":137,"date":"2016-05-12T11:46:53","date_gmt":"2016-05-12T09:46:53","guid":{"rendered":"http:\/\/dgi.pl\/ru\/?page_id=137"},"modified":"2021-08-06T15:58:21","modified_gmt":"2021-08-06T13:58:21","slug":"%d0%ba%d0%be%d0%bd%d1%82%d0%b0%d0%ba%d1%82","status":"publish","type":"page","link":"http:\/\/dgi.pl\/ru\/%d0%ba%d0%be%d0%bd%d1%82%d0%b0%d0%ba%d1%82\/","title":{"rendered":"\u041a\u043e\u043d\u0442\u0430\u043a\u0442"},"content":{"rendered":"[vc_row type=&#187;full_width_content&#187; bg_image=&#187;326&#8243; bg_position=&#187;left top&#187; bg_repeat=&#187;no-repeat&#187; scene_position=&#187;center&#187; text_color=&#187;dark&#187; text_align=&#187;left&#187; overlay_strength=&#187;0.3&#8243;][vc_column column_padding=&#187;padding-10-percent&#187; column_padding_position=&#187;all&#187; background_color_opacity=&#187;1&#8243; background_hover_color_opacity=&#187;1&#8243; width=&#187;2\/3&#8243;]<div class=\"iwithtext\"><div class=\"iwt-icon\"> <img decoding=\"async\" src=\"http:\/\/dgi.pl\/wp-content\/uploads\/2016\/05\/Home_Icon.png\" alt=\"\" \/> <\/div><div class=\"iwt-text\"> \n<h2>\u0410\u0434\u0440\u0435\u0441:<br \/>\nDGI Piotr Lapinski,<br \/>\nul. 42 Pulku Piechoty 28,<br \/>\n15-181 Bialystok, Poland<\/h2>\n <\/div><div class=\"clear\"><\/div><\/div>[divider line_type=&#187;No Line&#187;]<div class=\"iwithtext\"><div class=\"iwt-icon\"> <img decoding=\"async\" src=\"http:\/\/dgi.pl\/wp-content\/uploads\/2016\/05\/gps3.png\" alt=\"\" \/> <\/div><div class=\"iwt-text\"> \n<h2>GPS: N53\u00b0 8\u2032 37,86, E23\u00b0 11\u2032 52.26\u2033<\/h2>\n <\/div><div class=\"clear\"><\/div><\/div>[divider line_type=&#187;No Line&#187;]<div class=\"iwithtext\"><div class=\"iwt-icon\"> <img decoding=\"async\" src=\"http:\/\/dgi.pl\/wp-content\/uploads\/2016\/05\/Mail_Icon.png\" alt=\"\" \/> <\/div><div class=\"iwt-text\"> \n<h2>E-mail: <a href=\"mailto:info@dgi.pl\" target=\"_blank\" rel=\"noopener\">info@dgi.pl<\/a><\/h2>\n <\/div><div class=\"clear\"><\/div><\/div>[\/vc_column][vc_column enable_animation=&#187;true&#187; animation=&#187;fade-in-from-left&#187; centered_text=&#187;true&#187; column_padding=&#187;padding-4-percent&#187; column_padding_position=&#187;all&#187; background_color_opacity=&#187;1&#8243; background_hover_color_opacity=&#187;1&#8243; width=&#187;1\/3&#8243;][\/vc_column][\/vc_row][vc_row type=&#187;full_width_content&#187; scene_position=&#187;center&#187; text_color=&#187;light&#187; text_align=&#187;center&#187; overlay_strength=&#187;0.3&#8243;][vc_column column_padding=&#187;no-extra-padding&#187; column_padding_position=&#187;all&#187; background_color_opacity=&#187;1&#8243; background_hover_color_opacity=&#187;1&#8243; width=&#187;1\/1&#8243;]<div id=\"lmm_a9c82172\" style=\"width:2000px;\" class=\"mapsmarker markermap marker-1\">\n<div id=\"lmm_panel_a9c82172\" class=\"lmm-panel\" style=\"background:#efefef;\">\n<div id=\"lmm_panel_api_a9c82172\" class=\"lmm-panel-api\"><a href=\"https:\/\/maps.google.com\/maps?daddr=53.143784,23.197761&amp;t=m&amp;layer=1&amp;doflg=ptk&amp;om=0\" target=\"_blank\" title=\"\u0420\u0430\u0441\u0441\u0447\u0438\u0442\u0430\u0442\u044c \u043c\u0430\u0440\u0448\u0440\u0443\u0442\"><img loading=\"lazy\" decoding=\"async\" alt=\"icon-car.png\" src=\"http:\/\/dgi.pl\/wp-content\/plugins\/leaflet-maps-marker\/inc\/img\/icon-car.png\" width=\"14\" height=\"14\" class=\"lmm-panel-api-images\" \/><\/a><\/div><div id=\"lmm_panel_text_a9c82172\" class=\"lmm-panel-text\" style=\"font-weight:bold;color:#373737;\">DGI<\/div><\/div>\n<div id=\"lmm_map_a9c82172\" class=\"lmm-map\" style=\"background:#f6f6f6;border:1px solid #ccc;height:300px; overflow:hidden;padding:0;\"><p style=\"font-size:80%;color:#9f9e9e;margin-left:5px;\">\u041a\u0430\u0440\u0442\u0430 \u0437\u0430\u0433\u0440\u0443\u0436\u0430\u0435\u0442\u0441\u044f. \u041f\u043e\u0436\u0430\u043b\u0443\u0439\u0441\u0442\u0430, \u043f\u043e\u0434\u043e\u0436\u0434\u0438\u0442\u0435.<noscript><br\/><strong>\u041d\u0435\u0432\u043e\u0437\u043c\u043e\u0436\u043d\u043e \u0437\u0430\u0433\u0440\u0443\u0437\u0438\u0442\u044c \u043a\u0430\u0440\u0442\u0443 - \u043f\u043e\u0436\u0430\u043b\u0443\u0439\u0441\u0442\u0430, \u0430\u043a\u0442\u0438\u0432\u0438\u0440\u0443\u0439\u0442\u0435 Javascript!<\/strong><br\/><a style=\"text-decoration:none;\" href=\"https:\/\/www.mapsmarker.com\/js-disabled\" target=\"_blank\">&rarr; \u043f\u043e\u0434\u0440\u043e\u0431\u043d\u0430\u044f \u0438\u043d\u0444\u043e\u0440\u043c\u0430\u0446\u0438\u044f<\/a><\/noscript><\/p><\/div>\n<div id=\"lmm_geo_tags_a9c82172\" class=\"lmm-geo-tags geo\">\n<span class=\"paneltext\">DGI<\/span>\n<span class=\"latitude\">53.143784<\/span>, <span class=\"longitude\">23.197761<\/span>\n<span class=\"popuptext\"><\/span>\n<\/div>\n<\/div>[\/vc_column][\/vc_row][vc_row type=&#187;full_width_background&#187; bg_color=&#187;#e36213&#8243; scene_position=&#187;center&#187; text_color=&#187;light&#187; text_align=&#187;left&#187; top_padding=&#187;60&#8243; bottom_padding=&#187;40&#8243; overlay_strength=&#187;0.3&#8243;][vc_column column_padding=&#187;no-extra-padding&#187; column_padding_position=&#187;all&#187; background_color_opacity=&#187;1&#8243; background_hover_color_opacity=&#187;1&#8243; width=&#187;1\/1&#8243;][vc_column_text]\n<h2 class=\"light\" style=\"text-align: center;\">\u0421 \u043d\u0430\u043c\u0438 \u0441\u0442\u043e\u0438\u0442 \u0441\u043e\u0442\u0440\u0443\u0434\u043d\u0438\u0447\u0430\u0442\u044c! <a class=\"nectar-button n-sc-button large see-through has-icon\"  href=\"http:\/\/dgi.pl\/ru\/produkty\" data-color-override=\"false\" data-hover-color-override=\"false\" data-hover-text-color-override=\"#fff\"><span>\u041f\u0420\u041e\u0412\u0415\u0420\u042c\u0422\u0415 \u041d\u0410\u0428\u0415 \u041f\u0420\u0415\u0414\u041b\u041e\u0416\u0415\u041d\u0418\u0415<\/span><i class=\"icon-button-arrow\"><\/i><\/a><\/h2>\n[\/vc_column_text][\/vc_column][\/vc_row]\n","protected":false},"excerpt":{"rendered":"<p>[vc_row type=&#187;full_width_content&#187; bg_image=&#187;326&#8243; bg_position=&#187;left top&#187; bg_repeat=&#187;no-repeat&#187; scene_position=&#187;center&#187; text_color=&#187;dark&#187; text_align=&#187;left&#187; overlay_strength=&#187;0.3&#8243;][vc_column column_padding=&#187;padding-10-percent&#187; column_padding_position=&#187;all&#187; background_color_opacity=&#187;1&#8243; background_hover_color_opacity=&#187;1&#8243; width=&#187;2\/3&#8243;][divider line_type=&#187;No Line&#187;][divider line_type=&#187;No Line&#187;][\/vc_column][vc_column enable_animation=&#187;true&#187; animation=&#187;fade-in-from-left&#187; centered_text=&#187;true&#187; column_padding=&#187;padding-4-percent&#187; column_padding_position=&#187;all&#187; background_color_opacity=&#187;1&#8243; background_hover_color_opacity=&#187;1&#8243; width=&#187;1\/3&#8243;][\/vc_column][\/vc_row][vc_row type=&#187;full_width_content&#187; scene_position=&#187;center&#187; text_color=&#187;light&#187;&#8230;<\/p>\n","protected":false},"author":1,"featured_media":0,"parent":0,"menu_order":0,"comment_status":"closed","ping_status":"closed","template":"","meta":{"footnotes":""},"yoast_head":"<!-- This site is optimized with the Yoast SEO plugin v21.7 - https:\/\/yoast.com\/wordpress\/plugins\/seo\/ -->\n<title>\u041a\u043e\u043d\u0442\u0430\u043a\u0442 - DGI - Instalacje autogaz do silnik\u00f3w z po\u015brednim i bezpo\u015brednim wtryskiem benzyny<\/title>\n<meta name=\"robots\" content=\"index, follow, max-snippet:-1, max-image-preview:large, max-video-preview:-1\" \/>\n<link rel=\"canonical\" href=\"http:\/\/dgi.pl\/ru\/\u043a\u043e\u043d\u0442\u0430\u043a\u0442\/\" \/>\n<meta property=\"og:locale\" content=\"ru_RU\" \/>\n<meta property=\"og:type\" content=\"article\" \/>\n<meta property=\"og:title\" content=\"\u041a\u043e\u043d\u0442\u0430\u043a\u0442 - DGI - Instalacje autogaz do silnik\u00f3w z po\u015brednim i bezpo\u015brednim wtryskiem benzyny\" \/>\n<meta property=\"og:description\" content=\"[vc_row type=&#187;full_width_content&#187; bg_image=&#187;326&#8243; bg_position=&#187;left top&#187; bg_repeat=&#187;no-repeat&#187; scene_position=&#187;center&#187; text_color=&#187;dark&#187; text_align=&#187;left&#187; overlay_strength=&#187;0.3&#8243;][vc_column column_padding=&#187;padding-10-percent&#187; column_padding_position=&#187;all&#187; background_color_opacity=&#187;1&#8243; background_hover_color_opacity=&#187;1&#8243; width=&#187;2\/3&#8243;][divider line_type=&#187;No Line&#187;][divider line_type=&#187;No Line&#187;][\/vc_column][vc_column enable_animation=&#187;true&#187; animation=&#187;fade-in-from-left&#187; centered_text=&#187;true&#187; column_padding=&#187;padding-4-percent&#187; column_padding_position=&#187;all&#187; background_color_opacity=&#187;1&#8243; background_hover_color_opacity=&#187;1&#8243; width=&#187;1\/3&#8243;][\/vc_column][\/vc_row][vc_row type=&#187;full_width_content&#187; scene_position=&#187;center&#187; text_color=&#187;light&#187;...\" \/>\n<meta property=\"og:url\" content=\"http:\/\/dgi.pl\/ru\/\u043a\u043e\u043d\u0442\u0430\u043a\u0442\/\" \/>\n<meta property=\"og:site_name\" content=\"DGI - Instalacje autogaz do silnik\u00f3w z po\u015brednim i bezpo\u015brednim wtryskiem benzyny\" \/>\n<meta property=\"article:modified_time\" content=\"2021-08-06T13:58:21+00:00\" \/>\n<meta name=\"twitter:card\" content=\"summary_large_image\" \/>\n<meta name=\"twitter:label1\" content=\"\u041f\u0440\u0438\u043c\u0435\u0440\u043d\u043e\u0435 \u0432\u0440\u0435\u043c\u044f \u0434\u043b\u044f \u0447\u0442\u0435\u043d\u0438\u044f\" \/>\n\t<meta name=\"twitter:data1\" content=\"1 \u043c\u0438\u043d\u0443\u0442\u0430\" \/>\n<script type=\"application\/ld+json\" class=\"yoast-schema-graph\">{\"@context\":\"https:\/\/schema.org\",\"@graph\":[{\"@type\":\"WebPage\",\"@id\":\"http:\/\/dgi.pl\/ru\/%d0%ba%d0%be%d0%bd%d1%82%d0%b0%d0%ba%d1%82\/\",\"url\":\"http:\/\/dgi.pl\/ru\/%d0%ba%d0%be%d0%bd%d1%82%d0%b0%d0%ba%d1%82\/\",\"name\":\"\u041a\u043e\u043d\u0442\u0430\u043a\u0442 - DGI - Instalacje autogaz do silnik\u00f3w z po\u015brednim i bezpo\u015brednim wtryskiem benzyny\",\"isPartOf\":{\"@id\":\"http:\/\/dgi.pl\/#website\"},\"datePublished\":\"2016-05-12T09:46:53+00:00\",\"dateModified\":\"2021-08-06T13:58:21+00:00\",\"breadcrumb\":{\"@id\":\"http:\/\/dgi.pl\/ru\/%d0%ba%d0%be%d0%bd%d1%82%d0%b0%d0%ba%d1%82\/#breadcrumb\"},\"inLanguage\":\"ru-RU\",\"potentialAction\":[{\"@type\":\"ReadAction\",\"target\":[\"http:\/\/dgi.pl\/ru\/%d0%ba%d0%be%d0%bd%d1%82%d0%b0%d0%ba%d1%82\/\"]}]},{\"@type\":\"BreadcrumbList\",\"@id\":\"http:\/\/dgi.pl\/ru\/%d0%ba%d0%be%d0%bd%d1%82%d0%b0%d0%ba%d1%82\/#breadcrumb\",\"itemListElement\":[{\"@type\":\"ListItem\",\"position\":1,\"name\":\"Strona g\u0142\u00f3wna\",\"item\":\"http:\/\/dgi.pl\/ru\/\"},{\"@type\":\"ListItem\",\"position\":2,\"name\":\"\u041a\u043e\u043d\u0442\u0430\u043a\u0442\"}]},{\"@type\":\"WebSite\",\"@id\":\"http:\/\/dgi.pl\/#website\",\"url\":\"http:\/\/dgi.pl\/\",\"name\":\"DGI - Instalacje autogaz do silnik\u00f3w z po\u015brednim i bezpo\u015brednim wtryskiem benzyny\",\"description\":\"W firmie DGI pracujemy nad rozwojem alternatywnych \u017ar\u00f3de\u0142 zasilania silnik\u00f3w spalinowych. Skupili\u015bmy si\u0119 na skonstruowaniu, produkcji i sprzeda\u017cy instalacji sekwencyjnego wtrysku gazu w fazie ciek\u0142ej do silnik\u00f3w z po\u015brednim (V generacja) i bezpo\u015brednim (VI generacja) wtryskiem benzyny. Nie zapominamy oczywi\u015bcie o rozwoju system\u00f3w sekwencyjnego wtrysku gazu IV generacji.\",\"publisher\":{\"@id\":\"http:\/\/dgi.pl\/#organization\"},\"potentialAction\":[{\"@type\":\"SearchAction\",\"target\":{\"@type\":\"EntryPoint\",\"urlTemplate\":\"http:\/\/dgi.pl\/?s={search_term_string}\"},\"query-input\":\"required name=search_term_string\"}],\"inLanguage\":\"ru-RU\"},{\"@type\":\"Organization\",\"@id\":\"http:\/\/dgi.pl\/#organization\",\"name\":\"DGI\",\"url\":\"http:\/\/dgi.pl\/\",\"logo\":{\"@type\":\"ImageObject\",\"inLanguage\":\"ru-RU\",\"@id\":\"http:\/\/dgi.pl\/#\/schema\/logo\/image\/\",\"url\":\"http:\/\/dgi.pl\/wp-content\/uploads\/2016\/05\/DGI_Nowy_Kolor.png\",\"contentUrl\":\"http:\/\/dgi.pl\/wp-content\/uploads\/2016\/05\/DGI_Nowy_Kolor.png\",\"width\":235,\"height\":141,\"caption\":\"DGI\"},\"image\":{\"@id\":\"http:\/\/dgi.pl\/#\/schema\/logo\/image\/\"}}]}<\/script>\n<!-- \/ Yoast SEO plugin. -->","yoast_head_json":{"title":"\u041a\u043e\u043d\u0442\u0430\u043a\u0442 - DGI - Instalacje autogaz do silnik\u00f3w z po\u015brednim i bezpo\u015brednim wtryskiem benzyny","robots":{"index":"index","follow":"follow","max-snippet":"max-snippet:-1","max-image-preview":"max-image-preview:large","max-video-preview":"max-video-preview:-1"},"canonical":"http:\/\/dgi.pl\/ru\/\u043a\u043e\u043d\u0442\u0430\u043a\u0442\/","og_locale":"ru_RU","og_type":"article","og_title":"\u041a\u043e\u043d\u0442\u0430\u043a\u0442 - DGI - Instalacje autogaz do silnik\u00f3w z po\u015brednim i bezpo\u015brednim wtryskiem benzyny","og_description":"[vc_row type=&#187;full_width_content&#187; bg_image=&#187;326&#8243; bg_position=&#187;left top&#187; bg_repeat=&#187;no-repeat&#187; scene_position=&#187;center&#187; text_color=&#187;dark&#187; text_align=&#187;left&#187; overlay_strength=&#187;0.3&#8243;][vc_column column_padding=&#187;padding-10-percent&#187; column_padding_position=&#187;all&#187; background_color_opacity=&#187;1&#8243; background_hover_color_opacity=&#187;1&#8243; width=&#187;2\/3&#8243;][divider line_type=&#187;No Line&#187;][divider line_type=&#187;No Line&#187;][\/vc_column][vc_column enable_animation=&#187;true&#187; animation=&#187;fade-in-from-left&#187; centered_text=&#187;true&#187; column_padding=&#187;padding-4-percent&#187; column_padding_position=&#187;all&#187; background_color_opacity=&#187;1&#8243; background_hover_color_opacity=&#187;1&#8243; width=&#187;1\/3&#8243;][\/vc_column][\/vc_row][vc_row type=&#187;full_width_content&#187; scene_position=&#187;center&#187; text_color=&#187;light&#187;...","og_url":"http:\/\/dgi.pl\/ru\/\u043a\u043e\u043d\u0442\u0430\u043a\u0442\/","og_site_name":"DGI - Instalacje autogaz do silnik\u00f3w z po\u015brednim i bezpo\u015brednim wtryskiem benzyny","article_modified_time":"2021-08-06T13:58:21+00:00","twitter_card":"summary_large_image","twitter_misc":{"\u041f\u0440\u0438\u043c\u0435\u0440\u043d\u043e\u0435 \u0432\u0440\u0435\u043c\u044f \u0434\u043b\u044f \u0447\u0442\u0435\u043d\u0438\u044f":"1 \u043c\u0438\u043d\u0443\u0442\u0430"},"schema":{"@context":"https:\/\/schema.org","@graph":[{"@type":"WebPage","@id":"http:\/\/dgi.pl\/ru\/%d0%ba%d0%be%d0%bd%d1%82%d0%b0%d0%ba%d1%82\/","url":"http:\/\/dgi.pl\/ru\/%d0%ba%d0%be%d0%bd%d1%82%d0%b0%d0%ba%d1%82\/","name":"\u041a\u043e\u043d\u0442\u0430\u043a\u0442 - DGI - Instalacje autogaz do silnik\u00f3w z po\u015brednim i bezpo\u015brednim wtryskiem benzyny","isPartOf":{"@id":"http:\/\/dgi.pl\/#website"},"datePublished":"2016-05-12T09:46:53+00:00","dateModified":"2021-08-06T13:58:21+00:00","breadcrumb":{"@id":"http:\/\/dgi.pl\/ru\/%d0%ba%d0%be%d0%bd%d1%82%d0%b0%d0%ba%d1%82\/#breadcrumb"},"inLanguage":"ru-RU","potentialAction":[{"@type":"ReadAction","target":["http:\/\/dgi.pl\/ru\/%d0%ba%d0%be%d0%bd%d1%82%d0%b0%d0%ba%d1%82\/"]}]},{"@type":"BreadcrumbList","@id":"http:\/\/dgi.pl\/ru\/%d0%ba%d0%be%d0%bd%d1%82%d0%b0%d0%ba%d1%82\/#breadcrumb","itemListElement":[{"@type":"ListItem","position":1,"name":"Strona g\u0142\u00f3wna","item":"http:\/\/dgi.pl\/ru\/"},{"@type":"ListItem","position":2,"name":"\u041a\u043e\u043d\u0442\u0430\u043a\u0442"}]},{"@type":"WebSite","@id":"http:\/\/dgi.pl\/#website","url":"http:\/\/dgi.pl\/","name":"DGI - Instalacje autogaz do silnik\u00f3w z po\u015brednim i bezpo\u015brednim wtryskiem benzyny","description":"W firmie DGI pracujemy nad rozwojem alternatywnych \u017ar\u00f3de\u0142 zasilania silnik\u00f3w spalinowych. Skupili\u015bmy si\u0119 na skonstruowaniu, produkcji i sprzeda\u017cy instalacji sekwencyjnego wtrysku gazu w fazie ciek\u0142ej do silnik\u00f3w z po\u015brednim (V generacja) i bezpo\u015brednim (VI generacja) wtryskiem benzyny. Nie zapominamy oczywi\u015bcie o rozwoju system\u00f3w sekwencyjnego wtrysku gazu IV generacji.","publisher":{"@id":"http:\/\/dgi.pl\/#organization"},"potentialAction":[{"@type":"SearchAction","target":{"@type":"EntryPoint","urlTemplate":"http:\/\/dgi.pl\/?s={search_term_string}"},"query-input":"required name=search_term_string"}],"inLanguage":"ru-RU"},{"@type":"Organization","@id":"http:\/\/dgi.pl\/#organization","name":"DGI","url":"http:\/\/dgi.pl\/","logo":{"@type":"ImageObject","inLanguage":"ru-RU","@id":"http:\/\/dgi.pl\/#\/schema\/logo\/image\/","url":"http:\/\/dgi.pl\/wp-content\/uploads\/2016\/05\/DGI_Nowy_Kolor.png","contentUrl":"http:\/\/dgi.pl\/wp-content\/uploads\/2016\/05\/DGI_Nowy_Kolor.png","width":235,"height":141,"caption":"DGI"},"image":{"@id":"http:\/\/dgi.pl\/#\/schema\/logo\/image\/"}}]}},"_links":{"self":[{"href":"http:\/\/dgi.pl\/ru\/wp-json\/wp\/v2\/pages\/137"}],"collection":[{"href":"http:\/\/dgi.pl\/ru\/wp-json\/wp\/v2\/pages"}],"about":[{"href":"http:\/\/dgi.pl\/ru\/wp-json\/wp\/v2\/types\/page"}],"author":[{"embeddable":true,"href":"http:\/\/dgi.pl\/ru\/wp-json\/wp\/v2\/users\/1"}],"replies":[{"embeddable":true,"href":"http:\/\/dgi.pl\/ru\/wp-json\/wp\/v2\/comments?post=137"}],"version-history":[{"count":20,"href":"http:\/\/dgi.pl\/ru\/wp-json\/wp\/v2\/pages\/137\/revisions"}],"predecessor-version":[{"id":866,"href":"http:\/\/dgi.pl\/ru\/wp-json\/wp\/v2\/pages\/137\/revisions\/866"}],"wp:attachment":[{"href":"http:\/\/dgi.pl\/ru\/wp-json\/wp\/v2\/media?parent=137"}],"curies":[{"name":"wp","href":"https:\/\/api.w.org\/{rel}","templated":true}]}}