{"id":38,"date":"2015-09-16T04:24:25","date_gmt":"2015-09-16T02:24:25","guid":{"rendered":"http:\/\/dgi.pl\/ru\/?page_id=38"},"modified":"2018-03-16T12:55:14","modified_gmt":"2018-03-16T10:55:14","slug":"dgi-lpg-%d1%82%d0%b5%d1%85%d0%bd%d0%be%d0%bb%d0%be%d0%b3%d0%b8%d0%b8","status":"publish","type":"page","link":"http:\/\/dgi.pl\/ru\/","title":{"rendered":"DGI &#8212; LPG \u0422\u0415\u0425\u041d\u041e\u041b\u041e\u0413\u0418\u0418"},"content":{"rendered":"[vc_row type=&#187;in_container&#187; scene_position=&#187;center&#187; text_color=&#187;dark&#187; text_align=&#187;left&#187; overlay_strength=&#187;0.3&#8243;][vc_column column_padding=&#187;no-extra-padding&#187; column_padding_position=&#187;all&#187; background_color_opacity=&#187;1&#8243; background_hover_color_opacity=&#187;1&#8243; width=&#187;1\/1&#8243;]<div data-midnight=\"nectar-slider\" class=\"parallax_slider_outer \"><div  data-transition=\"swipe\" data-overall_style=\"directional\" data-flexible-height=\"\" data-animate-in-effect=\"none\" data-fullscreen=\"true\" data-button-sizing=\"regular\" data-button-styling=\"btn_with_count\" data-autorotate=\"\" data-parallax=\"true\" data-parallax-disable-mobile=\"\" data-caption-trans=\"fade_in_from_bottom\" data-parallax-style=\"bg_only\" data-bg-animation=\"none\" data-full-width=\"true\" class=\"nectar-slider-wrap \" id=\"nectar-slider-instance-1\"><div class=\"swiper-container\"  data-tho=\"auto\" data-tco=\"auto\" data-pho=\"auto\" data-pco=\"auto\" data-loop=\"false\" data-height=\"650\" data-min-height=\"\" data-arrows=\"false\" data-bullets=\"false\" data-bullet_style=\"see_through\" data-bullet_position=\"bottom\" data-desktop-swipe=\"false\" data-settings=\"\"> <div class=\"swiper-wrapper\"><div class=\"swiper-slide\" data-desktop-content-width=\"auto\" data-tablet-content-width=\"auto\" data-bg-alignment=\"center\" data-color-scheme=\"light\" data-x-pos=\"centered\" data-y-pos=\"middle\" ><div class=\"slide-bg-wrap\"><div class=\"image-bg\" style=\"background-image: url(http:\/\/dgi.pl\/wp-content\/uploads\/2016\/05\/sjajd-praca-1.jpg);\"> &nbsp; <\/div><\/div><div class=\"container\">\r\n\t\t\t\t\t\t<div class=\"content\"><h2>DGI- \u0422\u0415\u0425\u041d\u041e\u041b\u041e\u0413\u0418\u0418 \u0411\u0423\u0414\u0423\u0429\u0415\u0413\u041e<\/h2><div class=\"buttons\"><div class=\"button transparent_2\">\r\n\t\t\t\t\t\t\t\t\t\t <a class=\"extra-color-1\" href=\"\/ru\/\u0442\u0435\u0445\u043d\u043e\u043b\u043e\u0433\u0438\u0438-\u0431\u0443\u0434\u0443\u0449\u0435\u0433\u043e\/\">\u041f\u041e\u0414\u0420\u041e\u0411\u041d\u0415\u0415<\/a>\r\n\t\t\t\t\t\t\t\t\t\t<\/div><\/div><\/div>\r\n\t\t\t\t\t\t\t\t<\/div><!--\/container--><div class=\"video-texture active_texture\"> <span class=\"ie-fix\"><\/span> <\/div><\/div> <!--\/swiper-slide--><div class=\"swiper-slide\" data-desktop-content-width=\"auto\" data-tablet-content-width=\"auto\" data-bg-alignment=\"center\" data-color-scheme=\"light\" data-x-pos=\"centered\" data-y-pos=\"middle\" ><div class=\"slide-bg-wrap\"><div class=\"image-bg\" style=\"background-image: url(http:\/\/dgi.pl\/wp-content\/uploads\/2016\/05\/DNA.png);\"> &nbsp; <\/div><\/div><div class=\"container\">\r\n\t\t\t\t\t\t<div class=\"content\"><h2>\u041f\u0420\u041e\u0413\u0420\u0415\u0421\u0421- \u042d\u0422\u041e \u0423 \u041d\u0410\u0421 \u0412 \u041a\u0420\u041e\u0412\u0418<\/h2><div class=\"buttons\"><div class=\"button transparent_2\">\r\n\t\t\t\t\t\t\t\t\t\t <a class=\"extra-color-1\" href=\"\/ru\/\u043f\u0440\u043e\u0433\u0440\u0435\u0441\u0441-\u044d\u0442\u043e-\u0443-\u043d\u0430\u0441-\u0432-\u043a\u0440\u043e\u0432\u0438\">\u041f\u041e\u0414\u0420\u041e\u0411\u041d\u0415\u0415<\/a>\r\n\t\t\t\t\t\t\t\t\t\t<\/div><\/div><\/div>\r\n\t\t\t\t\t\t\t\t<\/div><!--\/container--><div class=\"video-texture active_texture\"> <span class=\"ie-fix\"><\/span> <\/div><\/div> <!--\/swiper-slide--><div class=\"swiper-slide\" data-desktop-content-width=\"auto\" data-tablet-content-width=\"auto\" data-bg-alignment=\"center\" data-color-scheme=\"light\" data-x-pos=\"centered\" data-y-pos=\"middle\" ><div class=\"slide-bg-wrap\"><div class=\"image-bg\" style=\"background-image: url(http:\/\/dgi.pl\/wp-content\/uploads\/2016\/05\/sjajd-o-nas-02.jpg);\"> &nbsp; <\/div><\/div><div class=\"container\">\r\n\t\t\t\t\t\t<div class=\"content\"><h2>\u041d\u0410\u0421\u0422\u0410\u041b\u041e \u0412\u0420\u0415\u041c\u042f \u0416\u0418\u0414\u041a\u041e\u0419 \u0424\u0410\u0417\u042b<\/h2><div class=\"buttons\"><div class=\"button transparent_2\">\r\n\t\t\t\t\t\t\t\t\t\t <a class=\"extra-color-1\" href=\"\/ru\/\u043d\u0430\u0441\u0442\u0430\u043b\u043e-\u0432\u0440\u0435\u043c\u044f-\u0436\u0438\u0434\u043a\u043e\u0439-\u0444\u0430\u0437\u044b\">\u041f\u041e\u0414\u0420\u041e\u0411\u041d\u0415\u0415<\/a>\r\n\t\t\t\t\t\t\t\t\t\t<\/div><\/div><\/div>\r\n\t\t\t\t\t\t\t\t<\/div><!--\/container--><div class=\"video-texture active_texture\"> <span class=\"ie-fix\"><\/span> <\/div><\/div> <!--\/swiper-slide--><div class=\"swiper-slide\" data-desktop-content-width=\"auto\" data-tablet-content-width=\"auto\" data-bg-alignment=\"center\" data-color-scheme=\"light\" data-x-pos=\"centered\" data-y-pos=\"middle\" ><div class=\"slide-bg-wrap\"><div class=\"image-bg\" style=\"background-image: url(http:\/\/dgi.pl\/wp-content\/uploads\/2016\/05\/sjajd-produkty-01.jpg);\"> &nbsp; <\/div><\/div><div class=\"container\">\r\n\t\t\t\t\t\t<div class=\"content\"><h2>\u041d\u0410\u0428\u0410 \u041f\u0420\u041e\u0414\u0423\u041a\u0426\u0418\u042f<\/h2><div class=\"buttons\"><div class=\"button transparent_2\">\r\n\t\t\t\t\t\t\t\t\t\t <a class=\"extra-color-1\" href=\"\/ru\/\u043d\u0430\u0448\u0430-\u043f\u0440\u043e\u0434\u0443\u043a\u0446\u0438\u044f\">\u041f\u041e\u0414\u0420\u041e\u0411\u041d\u0415\u0415<\/a>\r\n\t\t\t\t\t\t\t\t\t\t<\/div><\/div><\/div>\r\n\t\t\t\t\t\t\t\t<\/div><!--\/container--><div class=\"video-texture active_texture\"> <span class=\"ie-fix\"><\/span> <\/div><\/div> <!--\/swiper-slide--><\/div><a href=\"\" class=\"slider-prev\"><i class=\"fa fa-angle-left\"><\/i> <\/a>\r\n\t\t\t\t\t\t<a href=\"\" class=\"slider-next\"><i class=\"fa fa-angle-right\"><\/i> <\/a><div class=\"nectar-slider-loading \"> <span class=\"loading-icon none\">   <\/span> <\/div> <\/div> \r\n\t\t\t\t\t\r\n\t\t\t\t\t<\/div><\/div>[\/vc_column][\/vc_row]\n","protected":false},"excerpt":{"rendered":"<p>[vc_row type=&#187;in_container&#187; scene_position=&#187;center&#187; text_color=&#187;dark&#187; text_align=&#187;left&#187; overlay_strength=&#187;0.3&#8243;][vc_column column_padding=&#187;no-extra-padding&#187; column_padding_position=&#187;all&#187; background_color_opacity=&#187;1&#8243; background_hover_color_opacity=&#187;1&#8243; width=&#187;1\/1&#8243;][\/vc_column][\/vc_row]<\/p>\n","protected":false},"author":1,"featured_media":0,"parent":0,"menu_order":0,"comment_status":"closed","ping_status":"open","template":"","meta":{"footnotes":""},"yoast_head":"<!-- This site is optimized with the Yoast SEO plugin v21.7 - https:\/\/yoast.com\/wordpress\/plugins\/seo\/ -->\n<title>DGI - LPG \u0422\u0415\u0425\u041d\u041e\u041b\u041e\u0413\u0418\u0418 - DGI - Instalacje autogaz do silnik\u00f3w z po\u015brednim i bezpo\u015brednim wtryskiem benzyny<\/title>\n<meta name=\"robots\" content=\"index, follow, max-snippet:-1, max-image-preview:large, max-video-preview:-1\" \/>\n<link rel=\"canonical\" href=\"http:\/\/dgi.pl\/ru\/\" \/>\n<meta property=\"og:locale\" content=\"ru_RU\" \/>\n<meta property=\"og:type\" content=\"article\" \/>\n<meta property=\"og:title\" content=\"DGI - LPG \u0422\u0415\u0425\u041d\u041e\u041b\u041e\u0413\u0418\u0418 - DGI - Instalacje autogaz do silnik\u00f3w z po\u015brednim i bezpo\u015brednim wtryskiem benzyny\" \/>\n<meta property=\"og:description\" content=\"[vc_row type=&#187;in_container&#187; scene_position=&#187;center&#187; text_color=&#187;dark&#187; text_align=&#187;left&#187; overlay_strength=&#187;0.3&#8243;][vc_column column_padding=&#187;no-extra-padding&#187; column_padding_position=&#187;all&#187; background_color_opacity=&#187;1&#8243; background_hover_color_opacity=&#187;1&#8243; width=&#187;1\/1&#8243;][\/vc_column][\/vc_row]\" \/>\n<meta property=\"og:url\" content=\"http:\/\/dgi.pl\/ru\/\" \/>\n<meta property=\"og:site_name\" content=\"DGI - Instalacje autogaz do silnik\u00f3w z po\u015brednim i bezpo\u015brednim wtryskiem benzyny\" \/>\n<meta property=\"article:modified_time\" content=\"2018-03-16T10:55:14+00:00\" \/>\n<meta name=\"twitter:card\" content=\"summary_large_image\" \/>\n<script type=\"application\/ld+json\" class=\"yoast-schema-graph\">{\"@context\":\"https:\/\/schema.org\",\"@graph\":[{\"@type\":\"WebPage\",\"@id\":\"http:\/\/dgi.pl\/ru\/\",\"url\":\"http:\/\/dgi.pl\/ru\/\",\"name\":\"DGI - LPG \u0422\u0415\u0425\u041d\u041e\u041b\u041e\u0413\u0418\u0418 - DGI - Instalacje autogaz do silnik\u00f3w z po\u015brednim i bezpo\u015brednim wtryskiem benzyny\",\"isPartOf\":{\"@id\":\"http:\/\/dgi.pl\/#website\"},\"datePublished\":\"2015-09-16T02:24:25+00:00\",\"dateModified\":\"2018-03-16T10:55:14+00:00\",\"breadcrumb\":{\"@id\":\"http:\/\/dgi.pl\/ru\/#breadcrumb\"},\"inLanguage\":\"ru-RU\",\"potentialAction\":[{\"@type\":\"ReadAction\",\"target\":[\"http:\/\/dgi.pl\/ru\/\"]}]},{\"@type\":\"BreadcrumbList\",\"@id\":\"http:\/\/dgi.pl\/ru\/#breadcrumb\",\"itemListElement\":[{\"@type\":\"ListItem\",\"position\":1,\"name\":\"Strona g\u0142\u00f3wna\",\"item\":\"http:\/\/dgi.pl\/ru\/\"},{\"@type\":\"ListItem\",\"position\":2,\"name\":\"DGI &#8212; LPG \u0422\u0415\u0425\u041d\u041e\u041b\u041e\u0413\u0418\u0418\"}]},{\"@type\":\"WebSite\",\"@id\":\"http:\/\/dgi.pl\/#website\",\"url\":\"http:\/\/dgi.pl\/\",\"name\":\"DGI - Instalacje autogaz do silnik\u00f3w z po\u015brednim i bezpo\u015brednim wtryskiem benzyny\",\"description\":\"W firmie DGI pracujemy nad rozwojem alternatywnych \u017ar\u00f3de\u0142 zasilania silnik\u00f3w spalinowych. Skupili\u015bmy si\u0119 na skonstruowaniu, produkcji i sprzeda\u017cy instalacji sekwencyjnego wtrysku gazu w fazie ciek\u0142ej do silnik\u00f3w z po\u015brednim (V generacja) i bezpo\u015brednim (VI generacja) wtryskiem benzyny. Nie zapominamy oczywi\u015bcie o rozwoju system\u00f3w sekwencyjnego wtrysku gazu IV generacji.\",\"publisher\":{\"@id\":\"http:\/\/dgi.pl\/#organization\"},\"potentialAction\":[{\"@type\":\"SearchAction\",\"target\":{\"@type\":\"EntryPoint\",\"urlTemplate\":\"http:\/\/dgi.pl\/?s={search_term_string}\"},\"query-input\":\"required name=search_term_string\"}],\"inLanguage\":\"ru-RU\"},{\"@type\":\"Organization\",\"@id\":\"http:\/\/dgi.pl\/#organization\",\"name\":\"DGI\",\"url\":\"http:\/\/dgi.pl\/\",\"logo\":{\"@type\":\"ImageObject\",\"inLanguage\":\"ru-RU\",\"@id\":\"http:\/\/dgi.pl\/#\/schema\/logo\/image\/\",\"url\":\"http:\/\/dgi.pl\/wp-content\/uploads\/2016\/05\/DGI_Nowy_Kolor.png\",\"contentUrl\":\"http:\/\/dgi.pl\/wp-content\/uploads\/2016\/05\/DGI_Nowy_Kolor.png\",\"width\":235,\"height\":141,\"caption\":\"DGI\"},\"image\":{\"@id\":\"http:\/\/dgi.pl\/#\/schema\/logo\/image\/\"}}]}<\/script>\n<!-- \/ Yoast SEO plugin. -->","yoast_head_json":{"title":"DGI - LPG \u0422\u0415\u0425\u041d\u041e\u041b\u041e\u0413\u0418\u0418 - DGI - Instalacje autogaz do silnik\u00f3w z po\u015brednim i bezpo\u015brednim wtryskiem benzyny","robots":{"index":"index","follow":"follow","max-snippet":"max-snippet:-1","max-image-preview":"max-image-preview:large","max-video-preview":"max-video-preview:-1"},"canonical":"http:\/\/dgi.pl\/ru\/","og_locale":"ru_RU","og_type":"article","og_title":"DGI - LPG \u0422\u0415\u0425\u041d\u041e\u041b\u041e\u0413\u0418\u0418 - DGI - Instalacje autogaz do silnik\u00f3w z po\u015brednim i bezpo\u015brednim wtryskiem benzyny","og_description":"[vc_row type=&#187;in_container&#187; scene_position=&#187;center&#187; text_color=&#187;dark&#187; text_align=&#187;left&#187; overlay_strength=&#187;0.3&#8243;][vc_column column_padding=&#187;no-extra-padding&#187; column_padding_position=&#187;all&#187; background_color_opacity=&#187;1&#8243; background_hover_color_opacity=&#187;1&#8243; width=&#187;1\/1&#8243;][\/vc_column][\/vc_row]","og_url":"http:\/\/dgi.pl\/ru\/","og_site_name":"DGI - Instalacje autogaz do silnik\u00f3w z po\u015brednim i bezpo\u015brednim wtryskiem benzyny","article_modified_time":"2018-03-16T10:55:14+00:00","twitter_card":"summary_large_image","schema":{"@context":"https:\/\/schema.org","@graph":[{"@type":"WebPage","@id":"http:\/\/dgi.pl\/ru\/","url":"http:\/\/dgi.pl\/ru\/","name":"DGI - LPG \u0422\u0415\u0425\u041d\u041e\u041b\u041e\u0413\u0418\u0418 - DGI - Instalacje autogaz do silnik\u00f3w z po\u015brednim i bezpo\u015brednim wtryskiem benzyny","isPartOf":{"@id":"http:\/\/dgi.pl\/#website"},"datePublished":"2015-09-16T02:24:25+00:00","dateModified":"2018-03-16T10:55:14+00:00","breadcrumb":{"@id":"http:\/\/dgi.pl\/ru\/#breadcrumb"},"inLanguage":"ru-RU","potentialAction":[{"@type":"ReadAction","target":["http:\/\/dgi.pl\/ru\/"]}]},{"@type":"BreadcrumbList","@id":"http:\/\/dgi.pl\/ru\/#breadcrumb","itemListElement":[{"@type":"ListItem","position":1,"name":"Strona g\u0142\u00f3wna","item":"http:\/\/dgi.pl\/ru\/"},{"@type":"ListItem","position":2,"name":"DGI &#8212; LPG \u0422\u0415\u0425\u041d\u041e\u041b\u041e\u0413\u0418\u0418"}]},{"@type":"WebSite","@id":"http:\/\/dgi.pl\/#website","url":"http:\/\/dgi.pl\/","name":"DGI - Instalacje autogaz do silnik\u00f3w z po\u015brednim i bezpo\u015brednim wtryskiem benzyny","description":"W firmie DGI pracujemy nad rozwojem alternatywnych \u017ar\u00f3de\u0142 zasilania silnik\u00f3w spalinowych. Skupili\u015bmy si\u0119 na skonstruowaniu, produkcji i sprzeda\u017cy instalacji sekwencyjnego wtrysku gazu w fazie ciek\u0142ej do silnik\u00f3w z po\u015brednim (V generacja) i bezpo\u015brednim (VI generacja) wtryskiem benzyny. Nie zapominamy oczywi\u015bcie o rozwoju system\u00f3w sekwencyjnego wtrysku gazu IV generacji.","publisher":{"@id":"http:\/\/dgi.pl\/#organization"},"potentialAction":[{"@type":"SearchAction","target":{"@type":"EntryPoint","urlTemplate":"http:\/\/dgi.pl\/?s={search_term_string}"},"query-input":"required name=search_term_string"}],"inLanguage":"ru-RU"},{"@type":"Organization","@id":"http:\/\/dgi.pl\/#organization","name":"DGI","url":"http:\/\/dgi.pl\/","logo":{"@type":"ImageObject","inLanguage":"ru-RU","@id":"http:\/\/dgi.pl\/#\/schema\/logo\/image\/","url":"http:\/\/dgi.pl\/wp-content\/uploads\/2016\/05\/DGI_Nowy_Kolor.png","contentUrl":"http:\/\/dgi.pl\/wp-content\/uploads\/2016\/05\/DGI_Nowy_Kolor.png","width":235,"height":141,"caption":"DGI"},"image":{"@id":"http:\/\/dgi.pl\/#\/schema\/logo\/image\/"}}]}},"_links":{"self":[{"href":"http:\/\/dgi.pl\/ru\/wp-json\/wp\/v2\/pages\/38"}],"collection":[{"href":"http:\/\/dgi.pl\/ru\/wp-json\/wp\/v2\/pages"}],"about":[{"href":"http:\/\/dgi.pl\/ru\/wp-json\/wp\/v2\/types\/page"}],"author":[{"embeddable":true,"href":"http:\/\/dgi.pl\/ru\/wp-json\/wp\/v2\/users\/1"}],"replies":[{"embeddable":true,"href":"http:\/\/dgi.pl\/ru\/wp-json\/wp\/v2\/comments?post=38"}],"version-history":[{"count":8,"href":"http:\/\/dgi.pl\/ru\/wp-json\/wp\/v2\/pages\/38\/revisions"}],"predecessor-version":[{"id":393,"href":"http:\/\/dgi.pl\/ru\/wp-json\/wp\/v2\/pages\/38\/revisions\/393"}],"wp:attachment":[{"href":"http:\/\/dgi.pl\/ru\/wp-json\/wp\/v2\/media?parent=38"}],"curies":[{"name":"wp","href":"https:\/\/api.w.org\/{rel}","templated":true}]}}