{"id":498,"date":"2017-03-10T13:30:54","date_gmt":"2017-03-10T11:30:54","guid":{"rendered":"http:\/\/dgi.pl\/ru\/451-2\/"},"modified":"2017-03-14T17:50:20","modified_gmt":"2017-03-14T15:50:20","slug":"%d0%bf%d1%80%d0%b8%d0%b3%d0%bb%d0%b0%d1%88%d0%b5%d0%bd%d0%b8%d0%b5-gas-show-2017","status":"publish","type":"page","link":"http:\/\/dgi.pl\/ru\/%d0%bf%d1%80%d0%b8%d0%b3%d0%bb%d0%b0%d1%88%d0%b5%d0%bd%d0%b8%d0%b5-gas-show-2017\/","title":{"rendered":"\u043f\u0440\u0438\u0433\u043b\u0430\u0448\u0435\u043d\u0438\u0435 GAS SHOW 2017"},"content":{"rendered":"[vc_row type=&#187;full_width_content&#187; equal_height=&#187;yes&#187; vertically_center_columns=&#187;true&#187; bg_color=&#187;#ffffff&#187; mouse_based_parallax_bg=&#187;true&#187; scene_position=&#187;center&#187; text_color=&#187;dark&#187; text_align=&#187;center&#187; overlay_strength=&#187;0.3&#8243;][vc_column centered_text=&#187;true&#187; column_padding=&#187;padding-2-percent&#187; column_padding_position=&#187;bottom&#187; background_color=&#187;#ffffff&#187; background_color_opacity=&#187;1&#8243; background_hover_color_opacity=&#187;1&#8243; bottom_margin=&#187;200&#8243; width=&#187;1\/1&#8243;][vc_column_text]<img loading=\"lazy\" decoding=\"async\" class=\"aligncenter wp-image-503 size-full\" style=\"padding: 30px;\" src=\"http:\/\/dgi.pl\/wp-content\/uploads\/2017\/03\/baner_targi_2017_ru.png\" alt=\"GAS SHOW 2017\" width=\"922\" height=\"457\" srcset=\"http:\/\/dgi.pl\/wp-content\/uploads\/2017\/03\/baner_targi_2017_ru.png 922w, http:\/\/dgi.pl\/wp-content\/uploads\/2017\/03\/baner_targi_2017_ru-300x149.png 300w\" sizes=\"(max-width: 922px) 100vw, 922px\" \/><\/p>\n<h2>\u0418\u043c\u0435\u0435\u043c \u0447\u0435\u0441\u0442\u044c \u043f\u0440\u0438\u0433\u043b\u0430\u0441\u0438\u0442\u044c \u0412\u0430\u0441 \u043f\u043e\u0441\u0435\u0442\u0438\u0442\u044c \u043d\u0430\u0448 \u0441\u0442\u0435\u043d\u0434 \u0432\u043e \u0432\u0440\u0435\u043c\u044f \u0432\u044b\u0441\u0442\u0430\u0432\u043a\u0438 GAS SHOW 2017.<br \/>\n\u0412\u0441\u0442\u0440\u0435\u0447\u0430 \u0434\u0430\u0441\u0442 \u0432\u043e\u0437\u043c\u043e\u0436\u043d\u043e\u0441\u0442\u044c \u043f\u0440\u0435\u0434\u0441\u0442\u0430\u0432\u0438\u0442\u044c \u0412\u0430\u043c \u0434\u043e\u0441\u0442\u0438\u0436\u0435\u043d\u0438\u044f \u0444\u0438\u0440\u043c\u044b DGI \u0432 \u043e\u0431\u043b\u0430\u0441\u0442\u0438 \u0432\u043f\u0440\u044b\u0441\u043a\u0430 \u0433\u0430\u0437\u0430 \u0432 \u0436\u0438\u0434\u043a\u043e\u0439 \u0444\u0430\u0437\u0435<br \/>\n<i>\u043d\u043e \u043d\u0435 \u0442\u043e\u043b\u044c\u043a\u043e&#8230;<\/i><br \/>\n\u0412\u044b\u0441\u0442\u0430\u0432\u043a\u0430 \u0441\u043e\u0441\u0442\u043e\u0438\u0442\u0441\u044f <b>07-08.04.2017<\/b>\u00a0\u0432 \u0412\u0430\u0440\u0448\u0430\u0432\u0441\u043a\u043e\u043c \u0446\u0435\u043d\u0442\u0440\u0435 EXPO XXI<br \/>\n\u043f\u043e \u0430\u0434\u0440\u0435\u0441\u0443: ul. Pr\u0105dzy\u0144skiego 12\/14, <b>\u043d\u043e\u043c\u0435\u0440 \u0441\u0442\u0435\u043d\u0434\u0430 C2.<\/b><br \/>\n<i>\u0421\u0435\u0440\u0434\u0435\u0447\u043d\u043e \u043f\u0440\u0438\u0433\u043b\u0430\u0448\u0430\u0435\u043c \u0432\u0441\u0435\u0445 \u043f\u043e\u0441\u0435\u0442\u0438\u0442\u0435\u043b\u0435\u0439&#8230;<\/i><\/h2>\n<hr style=\"border: 1px orange dashed; width: 60%;\" \/>\n<p><img loading=\"lazy\" decoding=\"async\" class=\"aligncenter wp-image-469 size-full\" style=\"padding: 30px;\" src=\"http:\/\/dgi.pl\/wp-content\/uploads\/2017\/03\/baner_750-x-100-en-gs-2017.gif\" alt=\"GAS SHOW 2017\" width=\"750\" height=\"100\" \/>[\/vc_column_text][\/vc_column][\/vc_row]\n","protected":false},"excerpt":{"rendered":"<p>[vc_row type=&#187;full_width_content&#187; equal_height=&#187;yes&#187; vertically_center_columns=&#187;true&#187; bg_color=&#187;#ffffff&#187; mouse_based_parallax_bg=&#187;true&#187; scene_position=&#187;center&#187; text_color=&#187;dark&#187; text_align=&#187;center&#187; overlay_strength=&#187;0.3&#8243;][vc_column centered_text=&#187;true&#187; column_padding=&#187;padding-2-percent&#187; column_padding_position=&#187;bottom&#187; background_color=&#187;#ffffff&#187; background_color_opacity=&#187;1&#8243; background_hover_color_opacity=&#187;1&#8243; bottom_margin=&#187;200&#8243; width=&#187;1\/1&#8243;][vc_column_text] \u0418\u043c\u0435\u0435\u043c \u0447\u0435\u0441\u0442\u044c \u043f\u0440\u0438\u0433\u043b\u0430\u0441\u0438\u0442\u044c \u0412\u0430\u0441 \u043f\u043e\u0441\u0435\u0442\u0438\u0442\u044c \u043d\u0430\u0448 \u0441\u0442\u0435\u043d\u0434 \u0432\u043e \u0432\u0440\u0435\u043c\u044f \u0432\u044b\u0441\u0442\u0430\u0432\u043a\u0438 GAS SHOW&#8230;<\/p>\n","protected":false},"author":1,"featured_media":0,"parent":0,"menu_order":0,"comment_status":"closed","ping_status":"closed","template":"","meta":{"footnotes":""},"yoast_head":"<!-- This site is optimized with the Yoast SEO plugin v21.7 - https:\/\/yoast.com\/wordpress\/plugins\/seo\/ -->\n<title>\u043f\u0440\u0438\u0433\u043b\u0430\u0448\u0435\u043d\u0438\u0435 GAS SHOW 2017 - DGI - Instalacje autogaz do silnik\u00f3w z po\u015brednim i bezpo\u015brednim wtryskiem benzyny<\/title>\n<meta name=\"robots\" content=\"index, follow, max-snippet:-1, max-image-preview:large, max-video-preview:-1\" \/>\n<link rel=\"canonical\" href=\"http:\/\/dgi.pl\/ru\/\u043f\u0440\u0438\u0433\u043b\u0430\u0448\u0435\u043d\u0438\u0435-gas-show-2017\/\" \/>\n<meta property=\"og:locale\" content=\"ru_RU\" \/>\n<meta property=\"og:type\" content=\"article\" \/>\n<meta property=\"og:title\" content=\"\u043f\u0440\u0438\u0433\u043b\u0430\u0448\u0435\u043d\u0438\u0435 GAS SHOW 2017 - DGI - Instalacje autogaz do silnik\u00f3w z po\u015brednim i bezpo\u015brednim wtryskiem benzyny\" \/>\n<meta property=\"og:description\" content=\"[vc_row type=&#187;full_width_content&#187; equal_height=&#187;yes&#187; vertically_center_columns=&#187;true&#187; bg_color=&#187;#ffffff&#187; mouse_based_parallax_bg=&#187;true&#187; scene_position=&#187;center&#187; text_color=&#187;dark&#187; text_align=&#187;center&#187; overlay_strength=&#187;0.3&#8243;][vc_column centered_text=&#187;true&#187; column_padding=&#187;padding-2-percent&#187; column_padding_position=&#187;bottom&#187; background_color=&#187;#ffffff&#187; background_color_opacity=&#187;1&#8243; background_hover_color_opacity=&#187;1&#8243; bottom_margin=&#187;200&#8243; width=&#187;1\/1&#8243;][vc_column_text] \u0418\u043c\u0435\u0435\u043c \u0447\u0435\u0441\u0442\u044c \u043f\u0440\u0438\u0433\u043b\u0430\u0441\u0438\u0442\u044c \u0412\u0430\u0441 \u043f\u043e\u0441\u0435\u0442\u0438\u0442\u044c \u043d\u0430\u0448 \u0441\u0442\u0435\u043d\u0434 \u0432\u043e \u0432\u0440\u0435\u043c\u044f \u0432\u044b\u0441\u0442\u0430\u0432\u043a\u0438 GAS SHOW...\" \/>\n<meta property=\"og:url\" content=\"http:\/\/dgi.pl\/ru\/\u043f\u0440\u0438\u0433\u043b\u0430\u0448\u0435\u043d\u0438\u0435-gas-show-2017\/\" \/>\n<meta property=\"og:site_name\" content=\"DGI - Instalacje autogaz do silnik\u00f3w z po\u015brednim i bezpo\u015brednim wtryskiem benzyny\" \/>\n<meta property=\"article:modified_time\" content=\"2017-03-14T15:50:20+00:00\" \/>\n<meta property=\"og:image\" content=\"http:\/\/dgi.pl\/wp-content\/uploads\/2017\/03\/baner_targi_2017_ru.png\" \/>\n<meta name=\"twitter:card\" content=\"summary_large_image\" \/>\n<script type=\"application\/ld+json\" class=\"yoast-schema-graph\">{\"@context\":\"https:\/\/schema.org\",\"@graph\":[{\"@type\":\"WebPage\",\"@id\":\"http:\/\/dgi.pl\/ru\/%d0%bf%d1%80%d0%b8%d0%b3%d0%bb%d0%b0%d1%88%d0%b5%d0%bd%d0%b8%d0%b5-gas-show-2017\/\",\"url\":\"http:\/\/dgi.pl\/ru\/%d0%bf%d1%80%d0%b8%d0%b3%d0%bb%d0%b0%d1%88%d0%b5%d0%bd%d0%b8%d0%b5-gas-show-2017\/\",\"name\":\"\u043f\u0440\u0438\u0433\u043b\u0430\u0448\u0435\u043d\u0438\u0435 GAS SHOW 2017 - DGI - Instalacje autogaz do silnik\u00f3w z po\u015brednim i bezpo\u015brednim wtryskiem benzyny\",\"isPartOf\":{\"@id\":\"http:\/\/dgi.pl\/#website\"},\"datePublished\":\"2017-03-10T11:30:54+00:00\",\"dateModified\":\"2017-03-14T15:50:20+00:00\",\"breadcrumb\":{\"@id\":\"http:\/\/dgi.pl\/ru\/%d0%bf%d1%80%d0%b8%d0%b3%d0%bb%d0%b0%d1%88%d0%b5%d0%bd%d0%b8%d0%b5-gas-show-2017\/#breadcrumb\"},\"inLanguage\":\"ru-RU\",\"potentialAction\":[{\"@type\":\"ReadAction\",\"target\":[\"http:\/\/dgi.pl\/ru\/%d0%bf%d1%80%d0%b8%d0%b3%d0%bb%d0%b0%d1%88%d0%b5%d0%bd%d0%b8%d0%b5-gas-show-2017\/\"]}]},{\"@type\":\"BreadcrumbList\",\"@id\":\"http:\/\/dgi.pl\/ru\/%d0%bf%d1%80%d0%b8%d0%b3%d0%bb%d0%b0%d1%88%d0%b5%d0%bd%d0%b8%d0%b5-gas-show-2017\/#breadcrumb\",\"itemListElement\":[{\"@type\":\"ListItem\",\"position\":1,\"name\":\"Strona g\u0142\u00f3wna\",\"item\":\"http:\/\/dgi.pl\/ru\/\"},{\"@type\":\"ListItem\",\"position\":2,\"name\":\"\u043f\u0440\u0438\u0433\u043b\u0430\u0448\u0435\u043d\u0438\u0435 GAS SHOW 2017\"}]},{\"@type\":\"WebSite\",\"@id\":\"http:\/\/dgi.pl\/#website\",\"url\":\"http:\/\/dgi.pl\/\",\"name\":\"DGI - Instalacje autogaz do silnik\u00f3w z po\u015brednim i bezpo\u015brednim wtryskiem benzyny\",\"description\":\"W firmie DGI pracujemy nad rozwojem alternatywnych \u017ar\u00f3de\u0142 zasilania silnik\u00f3w spalinowych. Skupili\u015bmy si\u0119 na skonstruowaniu, produkcji i sprzeda\u017cy instalacji sekwencyjnego wtrysku gazu w fazie ciek\u0142ej do silnik\u00f3w z po\u015brednim (V generacja) i bezpo\u015brednim (VI generacja) wtryskiem benzyny. Nie zapominamy oczywi\u015bcie o rozwoju system\u00f3w sekwencyjnego wtrysku gazu IV generacji.\",\"publisher\":{\"@id\":\"http:\/\/dgi.pl\/#organization\"},\"potentialAction\":[{\"@type\":\"SearchAction\",\"target\":{\"@type\":\"EntryPoint\",\"urlTemplate\":\"http:\/\/dgi.pl\/?s={search_term_string}\"},\"query-input\":\"required name=search_term_string\"}],\"inLanguage\":\"ru-RU\"},{\"@type\":\"Organization\",\"@id\":\"http:\/\/dgi.pl\/#organization\",\"name\":\"DGI\",\"url\":\"http:\/\/dgi.pl\/\",\"logo\":{\"@type\":\"ImageObject\",\"inLanguage\":\"ru-RU\",\"@id\":\"http:\/\/dgi.pl\/#\/schema\/logo\/image\/\",\"url\":\"http:\/\/dgi.pl\/wp-content\/uploads\/2016\/05\/DGI_Nowy_Kolor.png\",\"contentUrl\":\"http:\/\/dgi.pl\/wp-content\/uploads\/2016\/05\/DGI_Nowy_Kolor.png\",\"width\":235,\"height\":141,\"caption\":\"DGI\"},\"image\":{\"@id\":\"http:\/\/dgi.pl\/#\/schema\/logo\/image\/\"}}]}<\/script>\n<!-- \/ Yoast SEO plugin. -->","yoast_head_json":{"title":"\u043f\u0440\u0438\u0433\u043b\u0430\u0448\u0435\u043d\u0438\u0435 GAS SHOW 2017 - DGI - Instalacje autogaz do silnik\u00f3w z po\u015brednim i bezpo\u015brednim wtryskiem benzyny","robots":{"index":"index","follow":"follow","max-snippet":"max-snippet:-1","max-image-preview":"max-image-preview:large","max-video-preview":"max-video-preview:-1"},"canonical":"http:\/\/dgi.pl\/ru\/\u043f\u0440\u0438\u0433\u043b\u0430\u0448\u0435\u043d\u0438\u0435-gas-show-2017\/","og_locale":"ru_RU","og_type":"article","og_title":"\u043f\u0440\u0438\u0433\u043b\u0430\u0448\u0435\u043d\u0438\u0435 GAS SHOW 2017 - DGI - Instalacje autogaz do silnik\u00f3w z po\u015brednim i bezpo\u015brednim wtryskiem benzyny","og_description":"[vc_row type=&#187;full_width_content&#187; equal_height=&#187;yes&#187; vertically_center_columns=&#187;true&#187; bg_color=&#187;#ffffff&#187; mouse_based_parallax_bg=&#187;true&#187; scene_position=&#187;center&#187; text_color=&#187;dark&#187; text_align=&#187;center&#187; overlay_strength=&#187;0.3&#8243;][vc_column centered_text=&#187;true&#187; column_padding=&#187;padding-2-percent&#187; column_padding_position=&#187;bottom&#187; background_color=&#187;#ffffff&#187; background_color_opacity=&#187;1&#8243; background_hover_color_opacity=&#187;1&#8243; bottom_margin=&#187;200&#8243; width=&#187;1\/1&#8243;][vc_column_text] \u0418\u043c\u0435\u0435\u043c \u0447\u0435\u0441\u0442\u044c \u043f\u0440\u0438\u0433\u043b\u0430\u0441\u0438\u0442\u044c \u0412\u0430\u0441 \u043f\u043e\u0441\u0435\u0442\u0438\u0442\u044c \u043d\u0430\u0448 \u0441\u0442\u0435\u043d\u0434 \u0432\u043e \u0432\u0440\u0435\u043c\u044f \u0432\u044b\u0441\u0442\u0430\u0432\u043a\u0438 GAS SHOW...","og_url":"http:\/\/dgi.pl\/ru\/\u043f\u0440\u0438\u0433\u043b\u0430\u0448\u0435\u043d\u0438\u0435-gas-show-2017\/","og_site_name":"DGI - Instalacje autogaz do silnik\u00f3w z po\u015brednim i bezpo\u015brednim wtryskiem benzyny","article_modified_time":"2017-03-14T15:50:20+00:00","og_image":[{"url":"http:\/\/dgi.pl\/wp-content\/uploads\/2017\/03\/baner_targi_2017_ru.png"}],"twitter_card":"summary_large_image","schema":{"@context":"https:\/\/schema.org","@graph":[{"@type":"WebPage","@id":"http:\/\/dgi.pl\/ru\/%d0%bf%d1%80%d0%b8%d0%b3%d0%bb%d0%b0%d1%88%d0%b5%d0%bd%d0%b8%d0%b5-gas-show-2017\/","url":"http:\/\/dgi.pl\/ru\/%d0%bf%d1%80%d0%b8%d0%b3%d0%bb%d0%b0%d1%88%d0%b5%d0%bd%d0%b8%d0%b5-gas-show-2017\/","name":"\u043f\u0440\u0438\u0433\u043b\u0430\u0448\u0435\u043d\u0438\u0435 GAS SHOW 2017 - DGI - Instalacje autogaz do silnik\u00f3w z po\u015brednim i bezpo\u015brednim wtryskiem benzyny","isPartOf":{"@id":"http:\/\/dgi.pl\/#website"},"datePublished":"2017-03-10T11:30:54+00:00","dateModified":"2017-03-14T15:50:20+00:00","breadcrumb":{"@id":"http:\/\/dgi.pl\/ru\/%d0%bf%d1%80%d0%b8%d0%b3%d0%bb%d0%b0%d1%88%d0%b5%d0%bd%d0%b8%d0%b5-gas-show-2017\/#breadcrumb"},"inLanguage":"ru-RU","potentialAction":[{"@type":"ReadAction","target":["http:\/\/dgi.pl\/ru\/%d0%bf%d1%80%d0%b8%d0%b3%d0%bb%d0%b0%d1%88%d0%b5%d0%bd%d0%b8%d0%b5-gas-show-2017\/"]}]},{"@type":"BreadcrumbList","@id":"http:\/\/dgi.pl\/ru\/%d0%bf%d1%80%d0%b8%d0%b3%d0%bb%d0%b0%d1%88%d0%b5%d0%bd%d0%b8%d0%b5-gas-show-2017\/#breadcrumb","itemListElement":[{"@type":"ListItem","position":1,"name":"Strona g\u0142\u00f3wna","item":"http:\/\/dgi.pl\/ru\/"},{"@type":"ListItem","position":2,"name":"\u043f\u0440\u0438\u0433\u043b\u0430\u0448\u0435\u043d\u0438\u0435 GAS SHOW 2017"}]},{"@type":"WebSite","@id":"http:\/\/dgi.pl\/#website","url":"http:\/\/dgi.pl\/","name":"DGI - Instalacje autogaz do silnik\u00f3w z po\u015brednim i bezpo\u015brednim wtryskiem benzyny","description":"W firmie DGI pracujemy nad rozwojem alternatywnych \u017ar\u00f3de\u0142 zasilania silnik\u00f3w spalinowych. Skupili\u015bmy si\u0119 na skonstruowaniu, produkcji i sprzeda\u017cy instalacji sekwencyjnego wtrysku gazu w fazie ciek\u0142ej do silnik\u00f3w z po\u015brednim (V generacja) i bezpo\u015brednim (VI generacja) wtryskiem benzyny. Nie zapominamy oczywi\u015bcie o rozwoju system\u00f3w sekwencyjnego wtrysku gazu IV generacji.","publisher":{"@id":"http:\/\/dgi.pl\/#organization"},"potentialAction":[{"@type":"SearchAction","target":{"@type":"EntryPoint","urlTemplate":"http:\/\/dgi.pl\/?s={search_term_string}"},"query-input":"required name=search_term_string"}],"inLanguage":"ru-RU"},{"@type":"Organization","@id":"http:\/\/dgi.pl\/#organization","name":"DGI","url":"http:\/\/dgi.pl\/","logo":{"@type":"ImageObject","inLanguage":"ru-RU","@id":"http:\/\/dgi.pl\/#\/schema\/logo\/image\/","url":"http:\/\/dgi.pl\/wp-content\/uploads\/2016\/05\/DGI_Nowy_Kolor.png","contentUrl":"http:\/\/dgi.pl\/wp-content\/uploads\/2016\/05\/DGI_Nowy_Kolor.png","width":235,"height":141,"caption":"DGI"},"image":{"@id":"http:\/\/dgi.pl\/#\/schema\/logo\/image\/"}}]}},"_links":{"self":[{"href":"http:\/\/dgi.pl\/ru\/wp-json\/wp\/v2\/pages\/498"}],"collection":[{"href":"http:\/\/dgi.pl\/ru\/wp-json\/wp\/v2\/pages"}],"about":[{"href":"http:\/\/dgi.pl\/ru\/wp-json\/wp\/v2\/types\/page"}],"author":[{"embeddable":true,"href":"http:\/\/dgi.pl\/ru\/wp-json\/wp\/v2\/users\/1"}],"replies":[{"embeddable":true,"href":"http:\/\/dgi.pl\/ru\/wp-json\/wp\/v2\/comments?post=498"}],"version-history":[{"count":3,"href":"http:\/\/dgi.pl\/ru\/wp-json\/wp\/v2\/pages\/498\/revisions"}],"predecessor-version":[{"id":508,"href":"http:\/\/dgi.pl\/ru\/wp-json\/wp\/v2\/pages\/498\/revisions\/508"}],"wp:attachment":[{"href":"http:\/\/dgi.pl\/ru\/wp-json\/wp\/v2\/media?parent=498"}],"curies":[{"name":"wp","href":"https:\/\/api.w.org\/{rel}","templated":true}]}}